{"id":620,"date":"2023-12-07T13:37:37","date_gmt":"2023-12-07T12:37:37","guid":{"rendered":"https:\/\/rome.style\/?page_id=620"},"modified":"2023-12-31T10:33:10","modified_gmt":"2023-12-31T09:33:10","slug":"hp-fr","status":"publish","type":"page","link":"https:\/\/rome.style\/de\/","title":{"rendered":"Hp De"},"content":{"rendered":"\n<div class=\"wp-block-stackable-heading stk-block-heading stk-block-heading--v2 stk-block stk-2581950\" id=\"rom-entdecken-tipps-fur-einen-erfolgreichen-aufenthalt-in-rom\" data-block-id=\"2581950\"><h1 class=\"stk-block-heading__text\">Rom entdecken: Tipps f\u00fcr einen erfolgreichen Aufenthalt in Rom<\/h1><\/div>\n\n\n\n<div class=\"wp-block-stackable-columns stk-block-columns stk-block stk-e5d5b1b\" data-block-id=\"e5d5b1b\"><div class=\"stk-row stk-inner-blocks stk-block-content stk-content-align stk-e5d5b1b-column\">\n<div class=\"wp-block-stackable-column stk-block-column stk-column stk-block stk-b6627bb\" data-v=\"4\" data-block-id=\"b6627bb\"><style>.stk-b6627bb{align-self:center !important}@media screen and (min-width:768px){.stk-b6627bb{flex:1 1 calc(15% - var(--stk-column-gap,0px) * 1 \/ 2 ) !important}}<\/style><div class=\"stk-column-wrapper stk-block-column__content stk-container stk-b6627bb-container stk--no-background stk--no-padding\"><div class=\"stk-block-content stk-inner-blocks stk-b6627bb-inner-blocks\">\n<div class=\"wp-block-stackable-image stk-block-image stk-block stk-dd774de\" data-block-id=\"dd774de\"><style>.stk-dd774de .stk-img-wrapper{width:50% !important}.stk-dd774de .stk-img-figcaption{font-size:13px !important;font-weight:700 !important;text-align:center !important}@media screen and (max-width:1023px){.stk-dd774de .stk-img-figcaption{font-size:13px !important}}<\/style><figure><span class=\"stk-img-wrapper stk-image--shape-stretch\"><img decoding=\"async\" class=\"stk-img wp-image-324\" src=\"https:\/\/rome.style\/wp-content\/uploads\/angel.png\" width=\"80\" height=\"80\" alt=\"Angel Rome.style\"\/><\/span><figcaption class=\"stk-img-figcaption\">Angel<\/figcaption><\/figure><\/div>\n<\/div><\/div><\/div>\n\n\n\n<div class=\"wp-block-stackable-column stk-block-column stk-column stk-block stk-7cde882\" data-v=\"4\" data-block-id=\"7cde882\"><style>@media screen and (min-width:768px){.stk-7cde882{flex:1 1 calc(85% - var(--stk-column-gap,0px) * 1 \/ 2 ) !important}}<\/style><div class=\"stk-column-wrapper stk-block-column__content stk-container stk-7cde882-container stk--no-background stk--no-padding\"><div class=\"stk-block-content stk-inner-blocks stk-7cde882-inner-blocks\">\n<div class=\"wp-block-stackable-text stk-block-text stk-block stk-77738dc\" data-block-id=\"77738dc\"><p class=\"stk-block-text__text\">Rom, die <strong>ewige Stadt<\/strong>, ist voll von atemberaubenden Denkm\u00e4lern, Museen und historischen St\u00e4tten. Wenn Sie einen Besuch in dieser italienischen Hauptstadt planen, ist es sehr empfehlenswert, einen Touristenpass zu w\u00e4hlen, um Ihre Reise zu erleichtern und <strong>Ihre Besichtigungen zu maximieren<\/strong>. Mit einem Touristenpass k\u00f6nnen Sie n\u00e4mlich schnell und einfach alle unumg\u00e4nglichen Sehensw\u00fcrdigkeiten der Stadt entdecken, w\u00e4hrend Sie gleichzeitig <strong>endlose Warteschlangen<\/strong> vermeiden.<\/p><\/div>\n<\/div><\/div><\/div>\n<\/div><\/div>\n\n\n\n<div class=\"wp-block-stackable-text stk-block-text stk-block stk-40acacb\" data-block-id=\"40acacb\"><p class=\"stk-block-text__text\">Einer der Hauptvorteile eines Touristenpasses ist, dass Sie <strong>bevorzugten Zugang<\/strong> zu bestimmten <strong>Sehensw\u00fcrdigkeiten<\/strong> und <strong>Museen<\/strong> erhalten. Wenn Sie sich f\u00fcr einen Fast Track Pass entscheiden, k\u00f6nnen Sie so Orte wie das <strong>Kolosseum<\/strong>, den <strong>Petersdom<\/strong>, die <strong>Vatikanischen Museen<\/strong> und die <strong>Sixtinische Kapelle<\/strong> besuchen, ohne stundenlang anstehen zu m\u00fcssen. So sparen Sie wertvolle Zeit und k\u00f6nnen Ihren Besuch in vollen Z\u00fcgen genie\u00dfen. Ein weiterer gro\u00dfer Vorteil eines Touristenpasses ist, dass er Ihnen die M\u00f6glichkeit bietet, an <strong>gef\u00fchrten Touren<\/strong> teilzunehmen.<\/p><\/div>\n\n\n\n<div class=\"wp-block-stackable-columns stk-block-columns stk-block stk-5a3f8a6\" data-block-id=\"5a3f8a6\"><div class=\"stk-row stk-inner-blocks stk-block-content stk-content-align stk-5a3f8a6-column\">\n<div class=\"wp-block-stackable-column stk-block-column stk-column stk-block stk-9757e64\" data-v=\"4\" data-block-id=\"9757e64\"><style>.stk-9757e64{align-self:flex-end !important}<\/style><div class=\"stk-column-wrapper stk-block-column__content stk-container stk-9757e64-container stk--no-background stk--no-padding\"><div class=\"stk-block-content stk-inner-blocks stk-9757e64-inner-blocks\">\n<div class=\"wp-block-stackable-call-to-action stk-block-call-to-action stk-block stk-24556c3 is-style-default\" data-v=\"2\" data-block-id=\"24556c3\"><div class=\"stk-block-call-to-action__content stk-content-align stk-24556c3-column stk-container stk-24556c3-container stk-hover-parent\"><div class=\"has-text-align-center stk-block-content stk-inner-blocks stk-24556c3-inner-blocks\">\n<div class=\"wp-block-stackable-heading stk-block-heading stk-block-heading--v2 stk-block stk-141e1b9\" id=\"der-vergleichende-reisefuhrer-fur-touristenpasse-in-rom\" data-block-id=\"141e1b9\"><h2 class=\"stk-block-heading__text\">Der vergleichende Reisef\u00fchrer f\u00fcr Touristenp\u00e4sse in Rom<\/h2><\/div>\n\n\n\n<div class=\"wp-block-stackable-text stk-block-text stk-block stk-75aa73d\" data-block-id=\"75aa73d\"><style>.stk-75aa73d .stk-block-text__text{font-size:14px !important}@media screen and (max-width:1023px){.stk-75aa73d .stk-block-text__text{font-size:14px !important}}<\/style><p class=\"stk-block-text__text\">In diesem umfassenden Leitfaden finden Sie alle verf\u00fcgbaren Passoptionen, damit Sie nicht auf mehreren Websites nach Informationen suchen m\u00fcssen. So k\u00f6nnen Sie den Pass identifizieren, der am besten zu Ihren Reisew\u00fcnschen passt. Die Informationen werden w\u00f6chentlich aktualisiert und erleichtern Ihnen die Planung Ihrer Reise erheblich.<\/p><\/div>\n\n\n\n<div class=\"wp-block-stackable-button-group stk-block-button-group stk-block stk-e85269c\" data-block-id=\"e85269c\"><div class=\"stk-row stk-inner-blocks stk-block-content stk-button-group\">\n<div class=\"wp-block-stackable-button stk-block-button stk-block stk-d6f3f62\" data-block-id=\"d6f3f62\"><style>.stk-d6f3f62{border-top-left-radius:5px !important;border-top-right-radius:5px !important;border-bottom-right-radius:5px !important;border-bottom-left-radius:5px !important;overflow:hidden !important;box-shadow:none !important;flex:1 1 0 !important}.stk-d6f3f62,.stk-d6f3f62 .stk-button{width:100% !important}.stk-d6f3f62 .stk-button{background:var(--accent) !important}.stk-d6f3f62 .stk-button:before{box-shadow:0 5px 30px -10px rgba(18,63,82,0.3) !important}.stk-d6f3f62 .stk-button__inner-text{font-size:16px !important}@media screen and (max-width:1023px){.stk-d6f3f62 .stk-button__inner-text{font-size:16px !important}}<\/style><a class=\"stk-link stk-button stk--hover-effect-darken\" href=\"https:\/\/rome.style\/de\/rom-pass-vergleich\/\"><span class=\"stk-button__inner-text\">Zusammenfassung der besten P\u00e4sse f\u00fcr Rom<\/span><\/a><\/div>\n<\/div><\/div>\n<\/div><\/div><\/div>\n<\/div><\/div><\/div>\n\n\n\n<div class=\"wp-block-stackable-column stk-block-column stk-column stk-block stk-62f245d\" data-v=\"4\" data-block-id=\"62f245d\"><style>.stk-62f245d{align-self:flex-end !important}<\/style><div class=\"stk-column-wrapper stk-block-column__content stk-container stk-62f245d-container stk--no-background stk--no-padding\"><div class=\"stk-block-content stk-inner-blocks stk-62f245d-inner-blocks\">\n<div class=\"wp-block-stackable-image aligncenter stk-block-image has-text-align-center stk-block stk-8b6b0fd\" data-block-id=\"8b6b0fd\"><style>.stk-8b6b0fd .stk-img-wrapper img,.stk-8b6b0fd .stk-img-wrapper::after,.stk-8b6b0fd .stk-img-wrapper::before{mask-image:url('data:image\/svg+xml;base64,PHN2ZyB4bWxucz0iaHR0cDovL3d3dy53My5vcmcvMjAwMC9zdmciIHZpZXdCb3g9IjAgMCA2MDAgNjAwIiBwcmVzZXJ2ZUFzcGVjdFJhdGlvPSJub25lIj48cGF0aCBkPSJNNDE0LjEgNzcuMmM3My4xIDQxLjcgMTM2IDg3LjkgMTY1IDE0Mi45IDI4LjcgNTUuMiAyMy4zIDExOS41IDEwLjIgMTkyLjktMTMuMSA3My4zLTMzLjkgMTU1LjgtMTA0LjEgMTc5LjItNzAuNCAyMy42LTE5MC4zLTExLjYtMjg3LTMzLjctOTYuNi0yMi4yLTE3MC0zMS4zLTE4Ni4xLTY2LjktMTYuMS0zNS43IDI1LTk4LjEgNDYuOC0xMzYuNCAyMS44LTM4LjEgMjQtNTIgLjctOTMtMjMtNDAuOS03MS45LTEwOC45LTU3LTE2My42QzE3LjYgNDMuNyA5Ni40IDIuMSAxNzcuMi4xIDI1OC0yIDM0MSAzNS41IDQxNC4xIDc3LjJ6Ij48L3BhdGg+PC9zdmc+') !important;-webkit-mask-image:url('data:image\/svg+xml;base64,PHN2ZyB4bWxucz0iaHR0cDovL3d3dy53My5vcmcvMjAwMC9zdmciIHZpZXdCb3g9IjAgMCA2MDAgNjAwIiBwcmVzZXJ2ZUFzcGVjdFJhdGlvPSJub25lIj48cGF0aCBkPSJNNDE0LjEgNzcuMmM3My4xIDQxLjcgMTM2IDg3LjkgMTY1IDE0Mi45IDI4LjcgNTUuMiAyMy4zIDExOS41IDEwLjIgMTkyLjktMTMuMSA3My4zLTMzLjkgMTU1LjgtMTA0LjEgMTc5LjItNzAuNCAyMy42LTE5MC4zLTExLjYtMjg3LTMzLjctOTYuNi0yMi4yLTE3MC0zMS4zLTE4Ni4xLTY2LjktMTYuMS0zNS43IDI1LTk4LjEgNDYuOC0xMzYuNCAyMS44LTM4LjEgMjQtNTIgLjctOTMtMjMtNDAuOS03MS45LTEwOC45LTU3LTE2My42QzE3LjYgNDMuNyA5Ni40IDIuMSAxNzcuMi4xIDI1OC0yIDM0MSAzNS41IDQxNC4xIDc3LjJ6Ij48L3BhdGg+PC9zdmc+') !important}.stk-8b6b0fd .stk-img-figcaption{text-align:center !important}<\/style><figure><span class=\"stk-img-wrapper stk-img--shape stk-image--shape-stretch\"><img decoding=\"async\" class=\"stk-img wp-image-546\" src=\"https:\/\/rome.style\/wp-content\/uploads\/visiter-rome-1.jpg\" width=\"800\" height=\"533\" alt=\"Visiter Rome\" srcset=\"https:\/\/rome.style\/wp-content\/uploads\/visiter-rome-1.jpg 800w, https:\/\/rome.style\/wp-content\/uploads\/visiter-rome-1-300x200.jpg 300w, https:\/\/rome.style\/wp-content\/uploads\/visiter-rome-1-768x512.jpg 768w\" sizes=\"(max-width: 800px) 100vw, 800px\" \/><\/span><\/figure><\/div>\n<\/div><\/div><\/div>\n<\/div><\/div>\n\n\n\n<div class=\"wp-block-stackable-text stk-block-text stk-block stk-3916762\" data-block-id=\"3916762\"><p class=\"stk-block-text__text\">Diese Touren sind ideal, um einen tiefen Einblick in die Geschichte und Kultur Roms zu erhalten. Egal, ob Sie den <strong>Vatikan besuchen<\/strong> oder die <strong>r\u00f6mischen Sehensw\u00fcrdigkeiten<\/strong> <strong>besichtigen m\u00f6chten<\/strong>, bei einer <strong>gef\u00fchrten Tour<\/strong> erhalten Sie dank der Hilfe eines professionellen Fremdenf\u00fchrers klare und interessante Informationen. Wenn Sie sich f\u00fcr einen Sightseeing-Pass entscheiden, erhalten Sie au\u00dferdem <strong>unbegrenzten Zugang<\/strong> zu den <strong>\u00f6ffentlichen Verkehrsmitteln<\/strong> der Stadt. So k\u00f6nnen Sie sich mit den <strong>Hop-on-Hop-off-Touristenbussen<\/strong> und den speziellen <strong>Shuttlebussen<\/strong> problemlos von einer Sehensw\u00fcrdigkeit zur n\u00e4chsten bewegen. So k\u00f6nnen Sie schnell und einfach die <strong>verschiedenen Stadtteile<\/strong> erkunden, vom historischen Zentrum bis hin zur <strong>Villa Borghese<\/strong> oder dem <strong>Monte Palatin<\/strong>.<\/p><\/div>\n\n\n\n<div class=\"wp-block-stackable-columns stk-block-columns stk-block stk-f3dbe1f\" data-block-id=\"f3dbe1f\"><div class=\"stk-row stk-inner-blocks stk-block-content stk-content-align stk-f3dbe1f-column\">\n<div class=\"wp-block-stackable-column stk-block-column stk-column stk-block stk-8cda181\" data-v=\"4\" data-block-id=\"8cda181\"><style>.stk-8cda181{align-self:center !important}<\/style><div class=\"stk-column-wrapper stk-block-column__content stk-container stk-8cda181-container stk--no-background stk--no-padding\"><div class=\"stk-block-content stk-inner-blocks stk-8cda181-inner-blocks\">\n<div class=\"wp-block-stackable-image stk-block-image stk-block stk-f56ec6d\" data-block-id=\"f56ec6d\"><style>.stk-f56ec6d{border-top-left-radius:15px !important;border-top-right-radius:15px !important;border-bottom-right-radius:15px !important;border-bottom-left-radius:15px !important;overflow:hidden !important}<\/style><figure><span class=\"stk-img-wrapper stk-image--shape-stretch\"><img decoding=\"async\" class=\"stk-img wp-image-553\" src=\"https:\/\/rome.style\/wp-content\/uploads\/forum-romain-rome.jpg\" width=\"800\" height=\"533\" alt=\"Forum Romain - Rome\" srcset=\"https:\/\/rome.style\/wp-content\/uploads\/forum-romain-rome.jpg 800w, https:\/\/rome.style\/wp-content\/uploads\/forum-romain-rome-300x200.jpg 300w, https:\/\/rome.style\/wp-content\/uploads\/forum-romain-rome-768x512.jpg 768w\" sizes=\"(max-width: 800px) 100vw, 800px\" \/><\/span><\/figure><\/div>\n<\/div><\/div><\/div>\n\n\n\n<div class=\"wp-block-stackable-column stk-block-column stk-column stk-block stk-d1c0d35\" data-v=\"4\" data-block-id=\"d1c0d35\"><div class=\"stk-column-wrapper stk-block-column__content stk-container stk-d1c0d35-container stk--no-background stk--no-padding\"><div class=\"stk-block-content stk-inner-blocks stk-d1c0d35-inner-blocks\">\n<div class=\"wp-block-stackable-text stk-block-text stk-block stk-deaef81\" data-block-id=\"deaef81\"><p class=\"stk-block-text__text\">Ein Touristenpass bietet Ihnen au\u00dferdem <strong>attraktive Erm\u00e4\u00dfigungen<\/strong> auf die Preise f\u00fcr Besichtigungen und <strong>Attraktionen<\/strong>. Ob Sie das <strong>R\u00f6mische Nationalmuseum<\/strong>, die <strong>Katakomben<\/strong>, die <strong>antiken Thermen<\/strong> oder die <strong>Galleria Borghese<\/strong> besuchen m\u00f6chten, mit einem Touristenpass erhalten Sie erm\u00e4\u00dfigte Eintrittspreise f\u00fcr die verschiedenen Sehensw\u00fcrdigkeiten. So k\u00f6nnen Sie noch mehr interessante Orte entdecken und Ihre <strong>r\u00f6mische Erfahrung<\/strong> erweitern. Schlie\u00dflich erm\u00f6glicht Ihnen die Wahl eines Touristenpasses, Ihren Besuch zu planen und <strong>Ihre Zeit optimal<\/strong> zu nutzen. Mit einem Pass k\u00f6nnen Sie die Sehensw\u00fcrdigkeiten, die Sie besuchen m\u00f6chten, im Voraus ausw\u00e4hlen, die f\u00fcr Sie passenden Zeitfenster buchen und so <strong>stundenlange Warteschlangen am Eingang vermeiden<\/strong>. So k\u00f6nnen Sie Ihren Aufenthalt nach Ihren Interessen planen und <strong>eine schnelle und effiziente Stadtbesichtigung machen<\/strong>.<\/p><\/div>\n<\/div><\/div><\/div>\n<\/div><\/div>\n\n\n\n<div class=\"wp-block-stackable-text stk-block-text stk-block stk-4d3a702\" data-block-id=\"4d3a702\"><p class=\"stk-block-text__text\">Zusammenfassend l\u00e4sst sich sagen, dass es viele Vorteile hat, <strong>Rom zu besuchen<\/strong> und <strong>einen Touristenpass zu w\u00e4hlen<\/strong>. So k\u00f6nnen Sie schnell und einfach die <strong>wichtigsten Sehensw\u00fcrdigkeiten<\/strong> der Stadt entdecken, l\u00e4stige Warteschlangen vermeiden, bevorzugten Zugang, F\u00fchrungen, Erm\u00e4\u00dfigungen und <strong>unbegrenzten Zugang<\/strong> zu den <strong>\u00f6ffentlichen Verkehrsmitteln<\/strong> erhalten.<\/p><\/div>\n\n\n\n<div class=\"wp-block-stackable-image stk-block-image stk-block stk-687c11e\" data-block-id=\"687c11e\"><style>.stk-687c11e{border-top-left-radius:15px !important;border-top-right-radius:15px !important;border-bottom-right-radius:15px !important;border-bottom-left-radius:15px !important;overflow:hidden !important}<\/style><figure><span class=\"stk-img-wrapper stk-image--shape-stretch\"><img decoding=\"async\" class=\"stk-img wp-image-562\" src=\"https:\/\/rome.style\/wp-content\/uploads\/basilique-saint-pierre-rome.jpg\" width=\"800\" height=\"309\" alt=\"Basilique Saint Pierre de Rome avec pont\" srcset=\"https:\/\/rome.style\/wp-content\/uploads\/basilique-saint-pierre-rome.jpg 800w, https:\/\/rome.style\/wp-content\/uploads\/basilique-saint-pierre-rome-300x116.jpg 300w, https:\/\/rome.style\/wp-content\/uploads\/basilique-saint-pierre-rome-768x297.jpg 768w\" sizes=\"(max-width: 800px) 100vw, 800px\" \/><\/span><\/figure><\/div>\n\n\n\n<div class=\"wp-block-stackable-text stk-block-text stk-block stk-3e4f5b4\" data-block-id=\"3e4f5b4\"><p class=\"stk-block-text__text\">Rom, die <strong>Hauptstadt Italiens<\/strong> und die <strong>ewige Stadt<\/strong>, ist reich an Sehensw\u00fcrdigkeiten und <strong>Attraktionen<\/strong>, die es zu besichtigen gilt. Zu den <strong>unumg\u00e4nglichen Sehensw\u00fcrdigkeiten<\/strong> geh\u00f6ren der <strong>Vatikan<\/strong>, der <strong>Petersdom<\/strong> und die <strong>Sixtinische Kapelle<\/strong>. Die <strong>Vatikanischen Museen<\/strong> beherbergen eine Sammlung von Kunst- und historischen Sch\u00e4tzen, darunter die <strong>ber\u00fchmten Fresken von Michelangelo<\/strong>. Um Warteschlangen zu vermeiden, empfiehlt es sich, <strong>ein ohne Anstehen Ticket<\/strong> oder eine <strong>gef\u00fchrte Tour zu buchen<\/strong>.<\/p><\/div>\n\n\n\n<div class=\"wp-block-stackable-text stk-block-text stk-block stk-176b436\" data-block-id=\"176b436\"><p class=\"stk-block-text__text\">Das <strong>Kolosseum<\/strong>, das Symbol des <strong>antiken Roms<\/strong>, ist eine weitere Sehensw\u00fcrdigkeit, die Sie sich nicht entgehen lassen sollten. Man kann auch den <strong>Palatin<\/strong> besuchen, wo sich die <strong>\u00dcberreste der r\u00f6mischen Kaiserpal\u00e4ste<\/strong> befinden. Auf dem nahe gelegenen <strong>Forum Romanum<\/strong> kann man die <strong>Ruinen<\/strong> der alten Geb\u00e4ude besichtigen und in die Geschichte der Stadt eintauchen. Im <strong>historischen Zentrum Roms<\/strong> befinden sich viele weitere Sehensw\u00fcrdigkeiten und Monumente. Das <strong>Pantheon<\/strong> mit seiner beeindruckenden Architektur ist ein Ort, den man unbedingt gesehen haben muss.<\/p><\/div>\n\n\n\n<div class=\"wp-block-stackable-columns stk-block-columns stk-block stk-3f3b9f7\" data-block-id=\"3f3b9f7\"><div class=\"stk-row stk-inner-blocks stk-block-content stk-content-align stk-3f3b9f7-column\">\n<div class=\"wp-block-stackable-column stk-block-column stk-column stk-block stk-56195f8\" data-v=\"4\" data-block-id=\"56195f8\"><div class=\"stk-column-wrapper stk-block-column__content stk-container stk-56195f8-container stk--no-background stk--no-padding\"><div class=\"stk-block-content stk-inner-blocks stk-56195f8-inner-blocks\">\n<div class=\"wp-block-stackable-image stk-block-image stk-block stk-6ae2f56\" data-block-id=\"6ae2f56\"><style>.stk-6ae2f56 .stk-img-wrapper img,.stk-6ae2f56 .stk-img-wrapper::after,.stk-6ae2f56 .stk-img-wrapper::before{mask-image:url('data:image\/svg+xml;base64,PHN2ZyB4bWxucz0iaHR0cDovL3d3dy53My5vcmcvMjAwMC9zdmciIHZpZXdCb3g9IjAgMCA2MDAgNjAwIiBwcmVzZXJ2ZUFzcGVjdFJhdGlvPSJub25lIj48cGF0aCBkPSJNNTU1IDY5LjZjNTcuNiA3MC40IDU2LjIgMjA4LjMgMTYuOSAyOTkuOC0zOS4zIDkxLjYtMTE2LjIgMTM2LjgtMTczLjggMTY3LjItNTcuNCAzMC42LTk1LjYgNDYuMy0xNDIuMiA1Ni4yLTQ2LjUgOS45LTEwMS4zIDE0LTEzNS42LTE2LjYtMzQuMi0zMC42LTQ3LjgtOTUuMy03NC41LTE5MkMxOC45IDI4Ny42LTIxIDE1OS4xIDEzLjIgODkgNDcuNCAxOC42IDE1NS45IDYuMyAyNjguMyAxLjZjMTEyLjUtNSAyMjktMi40IDI4Ni43IDY4eiI+PC9wYXRoPjwvc3ZnPg==') !important;-webkit-mask-image:url('data:image\/svg+xml;base64,PHN2ZyB4bWxucz0iaHR0cDovL3d3dy53My5vcmcvMjAwMC9zdmciIHZpZXdCb3g9IjAgMCA2MDAgNjAwIiBwcmVzZXJ2ZUFzcGVjdFJhdGlvPSJub25lIj48cGF0aCBkPSJNNTU1IDY5LjZjNTcuNiA3MC40IDU2LjIgMjA4LjMgMTYuOSAyOTkuOC0zOS4zIDkxLjYtMTE2LjIgMTM2LjgtMTczLjggMTY3LjItNTcuNCAzMC42LTk1LjYgNDYuMy0xNDIuMiA1Ni4yLTQ2LjUgOS45LTEwMS4zIDE0LTEzNS42LTE2LjYtMzQuMi0zMC42LTQ3LjgtOTUuMy03NC41LTE5MkMxOC45IDI4Ny42LTIxIDE1OS4xIDEzLjIgODkgNDcuNCAxOC42IDE1NS45IDYuMyAyNjguMyAxLjZjMTEyLjUtNSAyMjktMi40IDI4Ni43IDY4eiI+PC9wYXRoPjwvc3ZnPg==') !important}<\/style><figure><span class=\"stk-img-wrapper stk-img--shape stk-image--shape-stretch\"><img decoding=\"async\" class=\"stk-img wp-image-571\" src=\"https:\/\/rome.style\/wp-content\/uploads\/fontaine-trevi-rome.jpg\" width=\"800\" height=\"533\" alt=\"Fontaine de Tr\u00e9vi de Rome\" srcset=\"https:\/\/rome.style\/wp-content\/uploads\/fontaine-trevi-rome.jpg 800w, https:\/\/rome.style\/wp-content\/uploads\/fontaine-trevi-rome-300x200.jpg 300w, https:\/\/rome.style\/wp-content\/uploads\/fontaine-trevi-rome-768x512.jpg 768w\" sizes=\"(max-width: 800px) 100vw, 800px\" \/><\/span><\/figure><\/div>\n<\/div><\/div><\/div>\n\n\n\n<div class=\"wp-block-stackable-column stk-block-column stk-column stk-block stk-a6ee9be\" data-v=\"4\" data-block-id=\"a6ee9be\"><div class=\"stk-column-wrapper stk-block-column__content stk-container stk-a6ee9be-container stk--no-background stk--no-padding\"><div class=\"stk-block-content stk-inner-blocks stk-a6ee9be-inner-blocks\">\n<div class=\"wp-block-stackable-text stk-block-text stk-block stk-199c9f1\" data-block-id=\"199c9f1\"><p class=\"stk-block-text__text\">Der <strong>Trevi-Brunnen<\/strong>, der f\u00fcr seine Legenden und die in den B<strong>runnen<\/strong> geworfenen M\u00fcnzen bekannt ist, ist ebenfalls ein Muss. Die P<strong>iazza Navona<\/strong> mit ihren Brunnen und Skulpturen ist ein angenehmer Ort, um spazieren zu gehen und die Atmosph\u00e4re der Stadt zu genie\u00dfen. Die <strong>Villa Borghese<\/strong> ist ein wundersch\u00f6ner Park, der die <strong>Galleria Borghese<\/strong> beherbergt, in der <strong>Skulpturen<\/strong> und Kunstwerke aus der <strong>Renaissanc<\/strong>e zu bewundern sind. F\u00fcr den <strong>Besuch des Petersdoms und des Vatikans<\/strong> empfiehlt es sich, den <strong>Romapass<\/strong> oder den <strong>Omnia Vatikan<\/strong> zu verwenden, mit denen man schnell zu den <strong>Sehensw\u00fcrdigkeiten<\/strong> gelangt und Erm\u00e4\u00dfigungen bei den <strong>\u00f6ffentlichen Verkehrsmitteln<\/strong> erh\u00e4lt. Die <strong>Katakomben<\/strong>, die sich au\u00dferhalb der Stadt befinden, bieten einen faszinierenden Einblick in die alten <strong>r\u00f6mischen Gr\u00e4ber<\/strong>.<\/p><\/div>\n<\/div><\/div><\/div>\n<\/div><\/div>\n\n\n\n<div class=\"wp-block-stackable-text stk-block-text stk-block stk-1eb974e\" data-block-id=\"1eb974e\"><p class=\"stk-block-text__text\">Die <strong>Kirchen Roms<\/strong> mit ihren wundersch\u00f6nen <strong>Fresken und Skulpturen<\/strong> sind ebenfalls einen Besuch wert. Zu den weiteren beliebten Sehensw\u00fcrdigkeiten geh\u00f6ren die <strong>Engelsburg<\/strong>, das <strong>Kapitol<\/strong> und die <strong>Piazza Venezia<\/strong>. Um das Beste aus Ihrem Besuch in Rom zu machen, sollten Sie Ihre Besichtigungen <strong><mark style=\"background-color:rgba(0, 0, 0, 0)\" class=\"has-inline-color has-accent-color\">im Voraus planen<\/mark><\/strong> und dabei die Tage mit hohem Besucheraufkommen ber\u00fccksichtigen. Es ist m\u00f6glich, mehrere Besichtigungen pro Tag zu machen und die <strong>Hop-on-Hop-off-Touristenbuss<\/strong>e zu nutzen, um schnell von einer Sehensw\u00fcrdigkeit zur n\u00e4chsten zu gelangen. Zusammenfassend l\u00e4sst sich sagen, dass Rom eine Vielzahl an <strong>historischen, architektonischen und k\u00fcnstlerischen Sehensw\u00fcrdigkeiten<\/strong> bietet, die es zu erkunden gilt.<\/p><\/div>\n\n\n\n<div class=\"wp-block-stackable-image stk-block-image stk-block stk-2464ab6\" data-block-id=\"2464ab6\"><style>.stk-2464ab6{border-top-left-radius:15px !important;border-top-right-radius:15px !important;border-bottom-right-radius:15px !important;border-bottom-left-radius:15px !important;overflow:hidden !important}<\/style><figure><span class=\"stk-img-wrapper stk-image--shape-stretch\"><img decoding=\"async\" class=\"stk-img wp-image-579\" src=\"https:\/\/rome.style\/wp-content\/uploads\/colisee-rome.jpg\" width=\"1200\" height=\"463\" alt=\"Colis\u00e9e Rome\" srcset=\"https:\/\/rome.style\/wp-content\/uploads\/colisee-rome.jpg 1200w, https:\/\/rome.style\/wp-content\/uploads\/colisee-rome-300x116.jpg 300w, https:\/\/rome.style\/wp-content\/uploads\/colisee-rome-768x296.jpg 768w\" sizes=\"(max-width: 1200px) 100vw, 1200px\" \/><\/span><\/figure><\/div>\n\n\n\n<div class=\"wp-block-stackable-text stk-block-text stk-block stk-efdee2c\" data-block-id=\"efdee2c\"><p class=\"stk-block-text__text\">Vom <strong>Vatikan<\/strong> und seinen <strong>Museen<\/strong> \u00fcber das <strong>antike Rom<\/strong> bis hin zu den wundersch\u00f6nen Pl\u00e4tzen, Brunnen und <strong>Kirchen<\/strong> der Stadt gibt es f\u00fcr jeden Geschmack etwas zu entdecken. Es ist ratsam, einen <strong>Stadtplan<\/strong> oder eine Karte von Rom mitzunehmen, um sich leicht zurechtzufinden, und gen\u00fcgend Zeit f\u00fcr die Besichtigung der <strong>verschiedenen Sehensw\u00fcrdigkeiten und Stadtteile Roms einzuplanen<\/strong>. Egal, ob Sie sich f\u00fcr Geschichte, Kunst oder einfach nur f\u00fcr <strong>die Sch\u00f6nheit dieser ewigen Stadt<\/strong> interessieren, Rom wird Sie sicherlich in seinen Bann ziehen.<\/p><\/div>\n","protected":false},"excerpt":{"rendered":"<p>Rom entdecken: Tipps f\u00fcr einen erfolgreichen Aufenthalt in Rom Angel Rom, die ewige Stadt, ist voll von atemberaubenden Denkm\u00e4lern, Museen und historischen St\u00e4tten. Wenn Sie einen Besuch in dieser italienischen Hauptstadt planen, ist es sehr empfehlenswert, einen Touristenpass zu w\u00e4hlen, um Ihre Reise zu erleichtern und Ihre Besichtigungen zu maximieren. Mit einem Touristenpass k\u00f6nnen Sie &#8230; <a title=\"Hp De\" class=\"read-more\" href=\"https:\/\/rome.style\/de\/\" aria-label=\"Mehr Informationen \u00fcber Hp De\">Weiterlesen &#8230;<\/a><\/p>\n","protected":false},"author":1,"featured_media":0,"parent":0,"menu_order":0,"comment_status":"closed","ping_status":"closed","template":"","meta":{"_seopress_robots_primary_cat":"","_seopress_titles_title":"Rom entdecken: Reisef\u00fchrer und Tipps von Nr. 1 Rome.Style","_seopress_titles_desc":"Das Beste, was es in Rom zu tun gibt, ausgew\u00e4hlt von Angel, Ihrem Rom-Experten.  Rome.Style","_seopress_robots_index":"","footnotes":""},"class_list":["post-620","page","type-page","status-publish"],"_links":{"self":[{"href":"https:\/\/rome.style\/de\/wp-json\/wp\/v2\/pages\/620","targetHints":{"allow":["GET"]}}],"collection":[{"href":"https:\/\/rome.style\/de\/wp-json\/wp\/v2\/pages"}],"about":[{"href":"https:\/\/rome.style\/de\/wp-json\/wp\/v2\/types\/page"}],"author":[{"embeddable":true,"href":"https:\/\/rome.style\/de\/wp-json\/wp\/v2\/users\/1"}],"replies":[{"embeddable":true,"href":"https:\/\/rome.style\/de\/wp-json\/wp\/v2\/comments?post=620"}],"version-history":[{"count":0,"href":"https:\/\/rome.style\/de\/wp-json\/wp\/v2\/pages\/620\/revisions"}],"wp:attachment":[{"href":"https:\/\/rome.style\/de\/wp-json\/wp\/v2\/media?parent=620"}],"curies":[{"name":"wp","href":"https:\/\/api.w.org\/{rel}","templated":true}]}}