{"id":636,"date":"2023-12-07T13:37:37","date_gmt":"2023-12-07T12:37:37","guid":{"rendered":"https:\/\/rome.style\/?page_id=636"},"modified":"2023-12-22T16:55:20","modified_gmt":"2023-12-22T15:55:20","slug":"hp-es","status":"publish","type":"page","link":"https:\/\/rome.style\/es\/","title":{"rendered":"Hp Es"},"content":{"rendered":"\n<div class=\"wp-block-stackable-heading stk-block-heading stk-block-heading--v2 stk-block stk-2581950\" id=\"visitar-roma-consejos-para-una-estancia-satisfactoria-en-roma\" data-block-id=\"2581950\"><h1 class=\"stk-block-heading__text\">Visitar Roma: consejos para una estancia satisfactoria en Roma<\/h1><\/div>\n\n\n\n<div class=\"wp-block-stackable-columns stk-block-columns stk-block stk-e5d5b1b\" data-block-id=\"e5d5b1b\"><div class=\"stk-row stk-inner-blocks stk-block-content stk-content-align stk-e5d5b1b-column\">\n<div class=\"wp-block-stackable-column stk-block-column stk-column stk-block stk-b6627bb\" data-v=\"4\" data-block-id=\"b6627bb\"><style>.stk-b6627bb{align-self:center !important}@media screen and (min-width:768px){.stk-b6627bb{flex:1 1 calc(15% - var(--stk-column-gap,0px) * 1 \/ 2 ) !important}}<\/style><div class=\"stk-column-wrapper stk-block-column__content stk-container stk-b6627bb-container stk--no-background stk--no-padding\"><div class=\"stk-block-content stk-inner-blocks stk-b6627bb-inner-blocks\">\n<div class=\"wp-block-stackable-image stk-block-image stk-block stk-dd774de\" data-block-id=\"dd774de\"><style>.stk-dd774de .stk-img-wrapper{width:50% !important}.stk-dd774de .stk-img-figcaption{font-size:13px !important;font-weight:700 !important;text-align:center !important}@media screen and (max-width:1023px){.stk-dd774de .stk-img-figcaption{font-size:13px !important}}<\/style><figure><span class=\"stk-img-wrapper stk-image--shape-stretch\"><img decoding=\"async\" class=\"stk-img wp-image-324\" src=\"https:\/\/rome.style\/wp-content\/uploads\/angel.png\" width=\"80\" height=\"80\" alt=\"Angel Rome.style\"\/><\/span><figcaption class=\"stk-img-figcaption\">Angel<\/figcaption><\/figure><\/div>\n<\/div><\/div><\/div>\n\n\n\n<div class=\"wp-block-stackable-column stk-block-column stk-column stk-block stk-7cde882\" data-v=\"4\" data-block-id=\"7cde882\"><style>@media screen and (min-width:768px){.stk-7cde882{flex:1 1 calc(85% - var(--stk-column-gap,0px) * 1 \/ 2 ) !important}}<\/style><div class=\"stk-column-wrapper stk-block-column__content stk-container stk-7cde882-container stk--no-background stk--no-padding\"><div class=\"stk-block-content stk-inner-blocks stk-7cde882-inner-blocks\">\n<div class=\"wp-block-stackable-text stk-block-text stk-block stk-77738dc\" data-block-id=\"77738dc\"><p class=\"stk-block-text__text\">Roma, la <strong>ciudad eterna<\/strong>, est\u00e1 repleta de impresionantes <strong>monumentos<\/strong>, <strong>museos<\/strong> y lugares hist\u00f3ricos. Si tiene previsto visitar esta <strong>capital italiana<\/strong>, le recomendamos encarecidamente que elija una <strong>tarjeta tur\u00edstica<\/strong> para facilitar sus desplazamientos y aprovechar al m\u00e1ximo sus visitas. Un city-pass tur\u00edstico le permitir\u00e1 descubrir todas las <strong>atracciones imprescindibles<\/strong> de la ciudad de forma r\u00e1pida y sencilla, <strong>evitando interminables colas<\/strong>.<\/p><\/div>\n<\/div><\/div><\/div>\n<\/div><\/div>\n\n\n\n<div class=\"wp-block-stackable-text stk-block-text stk-block stk-40acacb\" data-block-id=\"40acacb\"><p class=\"stk-block-text__text\">Una de las principales ventajas de un pase tur\u00edstico es que le da <strong>acceso prioritario<\/strong> a determinados <strong>monumentos<\/strong> y <strong>museos<\/strong>. Si elige una <strong><strong>tarjeta tur\u00edstica<\/strong> sin colas<\/strong>, podr\u00e1 visitar lugares como el <strong>Coliseo<\/strong>, la <strong>Bas\u00edlica de San Pedro<\/strong>, los <strong>Museos Vaticanos<\/strong> y la <strong>Capilla Sixtina<\/strong> <em>sin tener que hacer cola durante horas<\/em>. As\u00ed ahorrar\u00e1 un tiempo precioso y podr\u00e1 disfrutar al m\u00e1ximo de su visita. Otra gran ventaja del city-pass es que le permite realizar <strong>visitas guiadas<\/strong>.<\/p><\/div>\n\n\n\n<div class=\"wp-block-stackable-columns stk-block-columns stk-block stk-5a3f8a6\" data-block-id=\"5a3f8a6\"><div class=\"stk-row stk-inner-blocks stk-block-content stk-content-align stk-5a3f8a6-column\">\n<div class=\"wp-block-stackable-column stk-block-column stk-column stk-block stk-9757e64\" data-v=\"4\" data-block-id=\"9757e64\"><style>.stk-9757e64{align-self:flex-end !important}<\/style><div class=\"stk-column-wrapper stk-block-column__content stk-container stk-9757e64-container stk--no-background stk--no-padding\"><div class=\"stk-block-content stk-inner-blocks stk-9757e64-inner-blocks\">\n<div class=\"wp-block-stackable-call-to-action stk-block-call-to-action stk-block stk-24556c3 is-style-default\" data-v=\"2\" data-block-id=\"24556c3\"><div class=\"stk-block-call-to-action__content stk-content-align stk-24556c3-column stk-container stk-24556c3-container stk-hover-parent\"><div class=\"has-text-align-center stk-block-content stk-inner-blocks stk-24556c3-inner-blocks\">\n<div class=\"wp-block-stackable-heading stk-block-heading stk-block-heading--v2 stk-block stk-141e1b9\" id=\"guia-comparativa-del-abono-turistico-de-roma\" data-block-id=\"141e1b9\"><h2 class=\"stk-block-heading__text\">Gu\u00eda comparativa del abono tur\u00edstico de Roma<\/h2><\/div>\n\n\n\n<div class=\"wp-block-stackable-text stk-block-text stk-block stk-75aa73d\" data-block-id=\"75aa73d\"><style>.stk-75aa73d .stk-block-text__text{font-size:14px !important}@media screen and (max-width:1023px){.stk-75aa73d .stk-block-text__text{font-size:14px !important}}<\/style><p class=\"stk-block-text__text\">En esta completa gu\u00eda encontrar\u00e1 todas las opciones de pases disponibles, para que no tenga que buscar informaci\u00f3n en varios sitios. Podr\u00e1 identificar el pase que <strong>mejor se adapte a sus necesidades de viaje<\/strong>. La informaci\u00f3n se actualiza cada semana, lo que facilita enormemente la planificaci\u00f3n de su viaje.<\/p><\/div>\n\n\n\n<div class=\"wp-block-stackable-button-group stk-block-button-group stk-block stk-e85269c\" data-block-id=\"e85269c\"><div class=\"stk-row stk-inner-blocks stk-block-content stk-button-group\">\n<div class=\"wp-block-stackable-button stk-block-button stk-block stk-d6f3f62\" data-block-id=\"d6f3f62\"><style>.stk-d6f3f62{border-top-left-radius:5px !important;border-top-right-radius:5px !important;border-bottom-right-radius:5px !important;border-bottom-left-radius:5px !important;overflow:hidden !important;box-shadow:none !important;flex:1 1 0 !important}.stk-d6f3f62,.stk-d6f3f62 .stk-button{width:100% !important}.stk-d6f3f62 .stk-button{background:var(--accent) !important}.stk-d6f3f62 .stk-button:before{box-shadow:0 5px 30px -10px rgba(18,63,82,0.3) !important}.stk-d6f3f62 .stk-button__inner-text{font-size:16px !important}@media screen and (max-width:1023px){.stk-d6f3f62 .stk-button__inner-text{font-size:16px !important}}<\/style><a class=\"stk-link stk-button stk--hover-effect-darken\" href=\"https:\/\/rome.style\/es\/mejor-tarjeta-turistica\/\"><span class=\"stk-button__inner-text\">Gu\u00eda comparativa city pass Roma<\/span><\/a><\/div>\n<\/div><\/div>\n<\/div><\/div><\/div>\n<\/div><\/div><\/div>\n\n\n\n<div class=\"wp-block-stackable-column stk-block-column stk-column stk-block stk-62f245d\" data-v=\"4\" data-block-id=\"62f245d\"><style>.stk-62f245d{align-self:flex-end !important}<\/style><div class=\"stk-column-wrapper stk-block-column__content stk-container stk-62f245d-container stk--no-background stk--no-padding\"><div class=\"stk-block-content stk-inner-blocks stk-62f245d-inner-blocks\">\n<div class=\"wp-block-stackable-image aligncenter stk-block-image has-text-align-center stk-block stk-8b6b0fd\" data-block-id=\"8b6b0fd\"><style>.stk-8b6b0fd .stk-img-wrapper img,.stk-8b6b0fd .stk-img-wrapper::after,.stk-8b6b0fd .stk-img-wrapper::before{mask-image:url('data:image\/svg+xml;base64,PHN2ZyB4bWxucz0iaHR0cDovL3d3dy53My5vcmcvMjAwMC9zdmciIHZpZXdCb3g9IjAgMCA2MDAgNjAwIiBwcmVzZXJ2ZUFzcGVjdFJhdGlvPSJub25lIj48cGF0aCBkPSJNNDE0LjEgNzcuMmM3My4xIDQxLjcgMTM2IDg3LjkgMTY1IDE0Mi45IDI4LjcgNTUuMiAyMy4zIDExOS41IDEwLjIgMTkyLjktMTMuMSA3My4zLTMzLjkgMTU1LjgtMTA0LjEgMTc5LjItNzAuNCAyMy42LTE5MC4zLTExLjYtMjg3LTMzLjctOTYuNi0yMi4yLTE3MC0zMS4zLTE4Ni4xLTY2LjktMTYuMS0zNS43IDI1LTk4LjEgNDYuOC0xMzYuNCAyMS44LTM4LjEgMjQtNTIgLjctOTMtMjMtNDAuOS03MS45LTEwOC45LTU3LTE2My42QzE3LjYgNDMuNyA5Ni40IDIuMSAxNzcuMi4xIDI1OC0yIDM0MSAzNS41IDQxNC4xIDc3LjJ6Ij48L3BhdGg+PC9zdmc+') !important;-webkit-mask-image:url('data:image\/svg+xml;base64,PHN2ZyB4bWxucz0iaHR0cDovL3d3dy53My5vcmcvMjAwMC9zdmciIHZpZXdCb3g9IjAgMCA2MDAgNjAwIiBwcmVzZXJ2ZUFzcGVjdFJhdGlvPSJub25lIj48cGF0aCBkPSJNNDE0LjEgNzcuMmM3My4xIDQxLjcgMTM2IDg3LjkgMTY1IDE0Mi45IDI4LjcgNTUuMiAyMy4zIDExOS41IDEwLjIgMTkyLjktMTMuMSA3My4zLTMzLjkgMTU1LjgtMTA0LjEgMTc5LjItNzAuNCAyMy42LTE5MC4zLTExLjYtMjg3LTMzLjctOTYuNi0yMi4yLTE3MC0zMS4zLTE4Ni4xLTY2LjktMTYuMS0zNS43IDI1LTk4LjEgNDYuOC0xMzYuNCAyMS44LTM4LjEgMjQtNTIgLjctOTMtMjMtNDAuOS03MS45LTEwOC45LTU3LTE2My42QzE3LjYgNDMuNyA5Ni40IDIuMSAxNzcuMi4xIDI1OC0yIDM0MSAzNS41IDQxNC4xIDc3LjJ6Ij48L3BhdGg+PC9zdmc+') !important}.stk-8b6b0fd .stk-img-figcaption{text-align:center !important}<\/style><figure><span class=\"stk-img-wrapper stk-img--shape stk-image--shape-stretch\"><img decoding=\"async\" class=\"stk-img wp-image-546\" src=\"https:\/\/rome.style\/wp-content\/uploads\/visiter-rome-1.jpg\" width=\"800\" height=\"533\" alt=\"Visitar Roma\" srcset=\"https:\/\/rome.style\/wp-content\/uploads\/visiter-rome-1.jpg 800w, https:\/\/rome.style\/wp-content\/uploads\/visiter-rome-1-300x200.jpg 300w, https:\/\/rome.style\/wp-content\/uploads\/visiter-rome-1-768x512.jpg 768w\" sizes=\"(max-width: 800px) 100vw, 800px\" \/><\/span><\/figure><\/div>\n<\/div><\/div><\/div>\n<\/div><\/div>\n\n\n\n<div class=\"wp-block-stackable-text stk-block-text stk-block stk-3916762\" data-block-id=\"3916762\"><p class=\"stk-block-text__text\">Estas visitas son ideales para descubrir a fondo la historia y la cultura de Roma. Ya sea <strong>para visitar el Vaticano<\/strong> o explorar <strong>los monumentos de Roma<\/strong>, una <strong>visita guiada<\/strong> le proporcionar\u00e1 informaci\u00f3n clara e interesante con la ayuda de un gu\u00eda profesional. Si elige un pase tur\u00edstico, tambi\u00e9n se beneficiar\u00e1 de <strong>acceso ilimitado<\/strong> al <strong>transporte p\u00fablico<\/strong> de la ciudad. Podr\u00e1 desplazarse f\u00e1cilmente de un <strong>monumento<\/strong> a otro gracias a los <strong>autobuses tur\u00edsticos hop-on hop-off<\/strong> y a las lanzaderas especiales. As\u00ed podr\u00e1 descubrir r\u00e1pida y f\u00e1cilmente las diferentes zonas de la ciudad, desde el <strong>centro hist\u00f3rico<\/strong> hasta <strong>Villa Borghese<\/strong> o <strong>Monte Palatino<\/strong>.<\/p><\/div>\n\n\n\n<div class=\"wp-block-stackable-columns stk-block-columns stk-block stk-f3dbe1f\" data-block-id=\"f3dbe1f\"><div class=\"stk-row stk-inner-blocks stk-block-content stk-content-align stk-f3dbe1f-column\">\n<div class=\"wp-block-stackable-column stk-block-column stk-column stk-block stk-8cda181\" data-v=\"4\" data-block-id=\"8cda181\"><style>.stk-8cda181{align-self:center !important}<\/style><div class=\"stk-column-wrapper stk-block-column__content stk-container stk-8cda181-container stk--no-background stk--no-padding\"><div class=\"stk-block-content stk-inner-blocks stk-8cda181-inner-blocks\">\n<div class=\"wp-block-stackable-image stk-block-image stk-block stk-f56ec6d\" data-block-id=\"f56ec6d\"><style>.stk-f56ec6d{border-top-left-radius:15px !important;border-top-right-radius:15px !important;border-bottom-right-radius:15px !important;border-bottom-left-radius:15px !important;overflow:hidden !important}<\/style><figure><span class=\"stk-img-wrapper stk-image--shape-stretch\"><img decoding=\"async\" class=\"stk-img wp-image-553\" src=\"https:\/\/rome.style\/wp-content\/uploads\/forum-romain-rome.jpg\" width=\"800\" height=\"533\" alt=\"Visite Roma, el Foro Romano y el Coliseo con un city pass\" srcset=\"https:\/\/rome.style\/wp-content\/uploads\/forum-romain-rome.jpg 800w, https:\/\/rome.style\/wp-content\/uploads\/forum-romain-rome-300x200.jpg 300w, https:\/\/rome.style\/wp-content\/uploads\/forum-romain-rome-768x512.jpg 768w\" sizes=\"(max-width: 800px) 100vw, 800px\" \/><\/span><\/figure><\/div>\n<\/div><\/div><\/div>\n\n\n\n<div class=\"wp-block-stackable-column stk-block-column stk-column stk-block stk-d1c0d35\" data-v=\"4\" data-block-id=\"d1c0d35\"><div class=\"stk-column-wrapper stk-block-column__content stk-container stk-d1c0d35-container stk--no-background stk--no-padding\"><div class=\"stk-block-content stk-inner-blocks stk-d1c0d35-inner-blocks\">\n<div class=\"wp-block-stackable-text stk-block-text stk-block stk-deaef81\" data-block-id=\"deaef81\"><p class=\"stk-block-text__text\">Un pase tur\u00edstico tambi\u00e9n le ofrece <strong>atractivos descuentos<\/strong> en visitas y atracciones. Tanto si desea visitar <strong>el Museo Nazionale Romano<\/strong>, las <strong>Catacumbas<\/strong>, las <strong>antiguas termas<\/strong> o la <strong>Galleria Borghese<\/strong>, un pase tur\u00edstico le permitir\u00e1 beneficiarse de tarifas reducidas para la entrada a estos diferentes lugares. Esto le permitir\u00e1 descubrir a\u00fan m\u00e1s lugares interesantes y enriquecer <strong>su experiencia romana<\/strong>. Por \u00faltimo, elegir un pase tur\u00edstico le permitir\u00e1 planificar su visita y aprovechar al m\u00e1ximo su tiempo. Con un pase, podr\u00e1 elegir con antelaci\u00f3n los lugares que desea visitar, reservar las franjas horarias que le convengan y <strong>evitar horas de cola en la entrada<\/strong>. De este modo, podr\u00e1 planificar su estancia en funci\u00f3n de sus intereses y disfrutar de una <strong>visita r\u00e1pida<\/strong> y eficaz de la ciudad.<\/p><\/div>\n<\/div><\/div><\/div>\n<\/div><\/div>\n\n\n\n<div class=\"wp-block-stackable-text stk-block-text stk-block stk-4d3a702\" data-block-id=\"4d3a702\"><p class=\"stk-block-text__text\">En resumen, <strong>visitar Roma<\/strong> y elegir un pase tur\u00edstico tiene muchas ventajas. Le permitir\u00e1 descubrir las <strong>principales atracciones<\/strong> de la ciudad de forma r\u00e1pida y sencilla, <strong>evitar las molestas colas<\/strong>, disfrutar de <strong>acceso prioritario<\/strong>, <strong>visitas guiadas<\/strong>, descuentos y <strong>acceso ilimitado<\/strong> al <strong>transporte p\u00fablico<\/strong>.<\/p><\/div>\n\n\n\n<div class=\"wp-block-stackable-image stk-block-image stk-block stk-687c11e\" data-block-id=\"687c11e\"><style>.stk-687c11e{border-top-left-radius:15px !important;border-top-right-radius:15px !important;border-bottom-right-radius:15px !important;border-bottom-left-radius:15px !important;overflow:hidden !important}<\/style><figure><span class=\"stk-img-wrapper stk-image--shape-stretch\"><img decoding=\"async\" class=\"stk-img wp-image-562\" src=\"https:\/\/rome.style\/wp-content\/uploads\/basilique-saint-pierre-rome.jpg\" width=\"800\" height=\"309\" alt=\"Visite Roma y la Bas\u00edlica de San Pedro con una tarjeta tur\u00edstica\" srcset=\"https:\/\/rome.style\/wp-content\/uploads\/basilique-saint-pierre-rome.jpg 800w, https:\/\/rome.style\/wp-content\/uploads\/basilique-saint-pierre-rome-300x116.jpg 300w, https:\/\/rome.style\/wp-content\/uploads\/basilique-saint-pierre-rome-768x297.jpg 768w\" sizes=\"(max-width: 800px) 100vw, 800px\" \/><\/span><\/figure><\/div>\n\n\n\n<div class=\"wp-block-stackable-text stk-block-text stk-block stk-3e4f5b4\" data-block-id=\"3e4f5b4\"><p class=\"stk-block-text__text\">Roma, <strong>capital y ciudad eterna de Italia<\/strong>, est\u00e1 repleta de monumentos y <strong>atracciones<\/strong> que visitar. No hay que perderse el <strong>Vaticano<\/strong>, la <strong>Bas\u00edlica de San Pedro<\/strong> y la <strong>Capilla Sixtina<\/strong>. Los <strong>Museos Vaticanos<\/strong> albergan una <strong>colecci\u00f3n de tesoros art\u00edsticos<\/strong> e hist\u00f3ricos, incluidos los <strong>famosos frescos de Miguel \u00c1ngel<\/strong>. Para evitar colas, es aconsejable reservar una <strong>visita guiada<\/strong> o <strong>una entrada sin colas<\/strong>.<\/p><\/div>\n\n\n\n<div class=\"wp-block-stackable-text stk-block-text stk-block stk-176b436\" data-block-id=\"176b436\"><p class=\"stk-block-text__text\">El <strong>Coliseo<\/strong>, s\u00edmbolo de la <strong>antigua Roma<\/strong>, es otro de los lugares que no debe perderse. Tambi\u00e9n puede visitar el <strong>Palatino<\/strong>, que alberga los <strong>restos de los palacios imperiales romanos<\/strong>. El cercano <strong>Foro Romano<\/strong> es un lugar estupendo para explorar las <strong>ruinas de edificios antiguos<\/strong> y sumergirse en la historia de la ciudad. Hay muchos otros monumentos y lugares que visitar en el centro hist\u00f3rico de Roma. El <strong>Pante\u00f3n<\/strong>, con su impresionante arquitectura, es una visita obligada.<\/p><\/div>\n\n\n\n<div class=\"wp-block-stackable-columns stk-block-columns stk-block stk-3f3b9f7\" data-block-id=\"3f3b9f7\"><div class=\"stk-row stk-inner-blocks stk-block-content stk-content-align stk-3f3b9f7-column\">\n<div class=\"wp-block-stackable-column stk-block-column stk-column stk-block stk-56195f8\" data-v=\"4\" data-block-id=\"56195f8\"><div class=\"stk-column-wrapper stk-block-column__content stk-container stk-56195f8-container stk--no-background stk--no-padding\"><div class=\"stk-block-content stk-inner-blocks stk-56195f8-inner-blocks\">\n<div class=\"wp-block-stackable-image stk-block-image stk-block stk-6ae2f56\" data-block-id=\"6ae2f56\"><style>.stk-6ae2f56 .stk-img-wrapper img,.stk-6ae2f56 .stk-img-wrapper::after,.stk-6ae2f56 .stk-img-wrapper::before{mask-image:url('data:image\/svg+xml;base64,PHN2ZyB4bWxucz0iaHR0cDovL3d3dy53My5vcmcvMjAwMC9zdmciIHZpZXdCb3g9IjAgMCA2MDAgNjAwIiBwcmVzZXJ2ZUFzcGVjdFJhdGlvPSJub25lIj48cGF0aCBkPSJNNTU1IDY5LjZjNTcuNiA3MC40IDU2LjIgMjA4LjMgMTYuOSAyOTkuOC0zOS4zIDkxLjYtMTE2LjIgMTM2LjgtMTczLjggMTY3LjItNTcuNCAzMC42LTk1LjYgNDYuMy0xNDIuMiA1Ni4yLTQ2LjUgOS45LTEwMS4zIDE0LTEzNS42LTE2LjYtMzQuMi0zMC42LTQ3LjgtOTUuMy03NC41LTE5MkMxOC45IDI4Ny42LTIxIDE1OS4xIDEzLjIgODkgNDcuNCAxOC42IDE1NS45IDYuMyAyNjguMyAxLjZjMTEyLjUtNSAyMjktMi40IDI4Ni43IDY4eiI+PC9wYXRoPjwvc3ZnPg==') !important;-webkit-mask-image:url('data:image\/svg+xml;base64,PHN2ZyB4bWxucz0iaHR0cDovL3d3dy53My5vcmcvMjAwMC9zdmciIHZpZXdCb3g9IjAgMCA2MDAgNjAwIiBwcmVzZXJ2ZUFzcGVjdFJhdGlvPSJub25lIj48cGF0aCBkPSJNNTU1IDY5LjZjNTcuNiA3MC40IDU2LjIgMjA4LjMgMTYuOSAyOTkuOC0zOS4zIDkxLjYtMTE2LjIgMTM2LjgtMTczLjggMTY3LjItNTcuNCAzMC42LTk1LjYgNDYuMy0xNDIuMiA1Ni4yLTQ2LjUgOS45LTEwMS4zIDE0LTEzNS42LTE2LjYtMzQuMi0zMC42LTQ3LjgtOTUuMy03NC41LTE5MkMxOC45IDI4Ny42LTIxIDE1OS4xIDEzLjIgODkgNDcuNCAxOC42IDE1NS45IDYuMyAyNjguMyAxLjZjMTEyLjUtNSAyMjktMi40IDI4Ni43IDY4eiI+PC9wYXRoPjwvc3ZnPg==') !important}<\/style><figure><span class=\"stk-img-wrapper stk-img--shape stk-image--shape-stretch\"><img decoding=\"async\" class=\"stk-img wp-image-571\" src=\"https:\/\/rome.style\/wp-content\/uploads\/fontaine-trevi-rome.jpg\" width=\"800\" height=\"533\" alt=\"Fuente de Trevi en Roma\" srcset=\"https:\/\/rome.style\/wp-content\/uploads\/fontaine-trevi-rome.jpg 800w, https:\/\/rome.style\/wp-content\/uploads\/fontaine-trevi-rome-300x200.jpg 300w, https:\/\/rome.style\/wp-content\/uploads\/fontaine-trevi-rome-768x512.jpg 768w\" sizes=\"(max-width: 800px) 100vw, 800px\" \/><\/span><\/figure><\/div>\n<\/div><\/div><\/div>\n\n\n\n<div class=\"wp-block-stackable-column stk-block-column stk-column stk-block stk-a6ee9be\" data-v=\"4\" data-block-id=\"a6ee9be\"><div class=\"stk-column-wrapper stk-block-column__content stk-container stk-a6ee9be-container stk--no-background stk--no-padding\"><div class=\"stk-block-content stk-inner-blocks stk-a6ee9be-inner-blocks\">\n<div class=\"wp-block-stackable-text stk-block-text stk-block stk-199c9f1\" data-block-id=\"199c9f1\"><p class=\"stk-block-text__text\">La <strong>Fontana de Trevi<\/strong>, famosa por sus leyendas y por las <em>monedas que se arrojan a la fuente<\/em>, es tambi\u00e9n una <strong>visita obligada<\/strong>. La <strong>Piazza Navona<\/strong>, con sus <strong>fuentes<\/strong> y <strong>esculturas<\/strong>, es un lugar agradable para pasear y disfrutar del ambiente de la ciudad. La <strong>Villa<\/strong> Borghese es un magn\u00edfico parque que alberga la <strong>Galer\u00eda Borghese<\/strong>, donde se pueden admirar <strong>esculturas<\/strong> y obras de arte del <strong>Renacimiento<\/strong>. <strong>Para visitar la Bas\u00edlica de San Pedro<\/strong> y el <strong>Vaticano<\/strong>, le recomendamos que utilice el <strong>roma pass<\/strong> o el <strong>omnia Vatican<\/strong>, que le permiten acceder r\u00e1pidamente a los lugares y le ofrecen <strong>descuentos<\/strong> en el <strong>transporte p\u00fablico<\/strong>. Las <strong>catacumbas<\/strong> de las afueras de la ciudad ofrecen un fascinante recorrido por las <em>antiguas tumbas romanas<\/em>.<\/p><\/div>\n<\/div><\/div><\/div>\n<\/div><\/div>\n\n\n\n<div class=\"wp-block-stackable-text stk-block-text stk-block stk-1eb974e\" data-block-id=\"1eb974e\"><p class=\"stk-block-text__text\">Las <strong>iglesias de Roma<\/strong>, con sus magn\u00edficos <strong>frescos<\/strong> y <strong>esculturas<\/strong>, tambi\u00e9n merecen una visita. Otras <strong>atracciones<\/strong> populares son el <strong>Castel Sant&#8217;Angelo<\/strong>, el <strong>Capitolio<\/strong> y la <strong>Piazza Venezia<\/strong>. Para aprovechar al m\u00e1ximo su visita a Roma, es aconsejable planificar las visitas con antelaci\u00f3n, teniendo en cuenta los d\u00edas de <strong>mayor afluencia<\/strong>. Es posible realizar <strong>varias visitas<\/strong> al d\u00eda, utilizando los <strong>autobuses tur\u00edsticos Hop-on Hop-off<\/strong> para desplazarse r\u00e1pidamente de un sitio a otro. En resumen, Roma ofrece una gran cantidad de <strong>atracciones hist\u00f3ricas<\/strong>, arquitect\u00f3nicas y art\u00edsticas que explorar.<\/p><\/div>\n\n\n\n<div class=\"wp-block-stackable-image stk-block-image stk-block stk-2464ab6\" data-block-id=\"2464ab6\"><style>.stk-2464ab6{border-top-left-radius:15px !important;border-top-right-radius:15px !important;border-bottom-right-radius:15px !important;border-bottom-left-radius:15px !important;overflow:hidden !important}<\/style><figure><span class=\"stk-img-wrapper stk-image--shape-stretch\"><img decoding=\"async\" class=\"stk-img wp-image-579\" src=\"https:\/\/rome.style\/wp-content\/uploads\/colisee-rome.jpg\" width=\"1200\" height=\"463\" alt=\"Coliseo Roma\" srcset=\"https:\/\/rome.style\/wp-content\/uploads\/colisee-rome.jpg 1200w, https:\/\/rome.style\/wp-content\/uploads\/colisee-rome-300x116.jpg 300w, https:\/\/rome.style\/wp-content\/uploads\/colisee-rome-768x296.jpg 768w\" sizes=\"(max-width: 1200px) 100vw, 1200px\" \/><\/span><\/figure><\/div>\n\n\n\n<div class=\"wp-block-stackable-text stk-block-text stk-block stk-efdee2c\" data-block-id=\"efdee2c\"><p class=\"stk-block-text__text\">Desde el <strong>Vaticano<\/strong> y sus <strong>museos<\/strong> hasta la <strong>Roma antigua<\/strong>, pasando por las magn\u00edficas plazas, <strong>fuentes<\/strong> e <strong>iglesias<\/strong> de la ciudad, hay para todos los gustos. Conviene llevar un <strong>mapa de Roma<\/strong> para orientarse f\u00e1cilmente y disponer de tiempo suficiente <strong>para visitar<\/strong> los <strong>distintos monumentos<\/strong> y <strong>barrios de Roma<\/strong>. Si le interesa la historia, el arte o simplemente la belleza de esta <strong>ciudad eterna<\/strong>, Roma le seducir\u00e1.<\/p><\/div>\n","protected":false},"excerpt":{"rendered":"<p>Visitar Roma: consejos para una estancia satisfactoria en Roma Angel Roma, la ciudad eterna, est\u00e1 repleta de impresionantes monumentos, museos y lugares hist\u00f3ricos. Si tiene previsto visitar esta capital italiana, le recomendamos encarecidamente que elija una tarjeta tur\u00edstica para facilitar sus desplazamientos y aprovechar al m\u00e1ximo sus visitas. Un city-pass tur\u00edstico le permitir\u00e1 descubrir todas &#8230; <a title=\"Hp Es\" class=\"read-more\" href=\"https:\/\/rome.style\/es\/\" aria-label=\"Leer m\u00e1s sobre Hp Es\">Leer m\u00e1s<\/a><\/p>\n","protected":false},"author":1,"featured_media":0,"parent":0,"menu_order":0,"comment_status":"closed","ping_status":"closed","template":"","meta":{"_seopress_robots_primary_cat":"","_seopress_titles_title":"Visitar Roma: gu\u00eda de viaje y consejos de Rome.Style","_seopress_titles_desc":"Lo mejor que hacer en Roma, seleccionado por Angel, su experto en Roma.  Rome.Style","_seopress_robots_index":"","footnotes":""},"class_list":["post-636","page","type-page","status-publish"],"_links":{"self":[{"href":"https:\/\/rome.style\/es\/wp-json\/wp\/v2\/pages\/636","targetHints":{"allow":["GET"]}}],"collection":[{"href":"https:\/\/rome.style\/es\/wp-json\/wp\/v2\/pages"}],"about":[{"href":"https:\/\/rome.style\/es\/wp-json\/wp\/v2\/types\/page"}],"author":[{"embeddable":true,"href":"https:\/\/rome.style\/es\/wp-json\/wp\/v2\/users\/1"}],"replies":[{"embeddable":true,"href":"https:\/\/rome.style\/es\/wp-json\/wp\/v2\/comments?post=636"}],"version-history":[{"count":0,"href":"https:\/\/rome.style\/es\/wp-json\/wp\/v2\/pages\/636\/revisions"}],"wp:attachment":[{"href":"https:\/\/rome.style\/es\/wp-json\/wp\/v2\/media?parent=636"}],"curies":[{"name":"wp","href":"https:\/\/api.w.org\/{rel}","templated":true}]}}