{"id":783,"date":"2023-12-19T19:18:12","date_gmt":"2023-12-19T18:18:12","guid":{"rendered":"https:\/\/rome.style\/?page_id=783"},"modified":"2023-12-30T11:47:02","modified_gmt":"2023-12-30T10:47:02","slug":"politica-de-privacidad","status":"publish","type":"page","link":"https:\/\/rome.style\/es\/politica-de-privacidad\/","title":{"rendered":"Pol\u00edtica de privacidad"},"content":{"rendered":"\n<p>Informaci\u00f3n legal<\/p>\n\n\n\n<p>https:\/\/rome.style\/ es un sitio web dise\u00f1ado para proporcionar informaci\u00f3n sobre ROMA. Descubra nuestros art\u00edculos, nuestros reportajes, nuestras experiencias, nuestras gu\u00edas de compra, \u00a1y comparta su experiencia! Los productos aqu\u00ed presentados se presentan con total objetividad y no tenemos ning\u00fan v\u00ednculo con las marcas. La informaci\u00f3n sobre los productos y servicios se le ofrece de forma independiente.<\/p>\n\n\n\n<p>Editor<\/p>\n\n\n\n<p>El sitio web https:\/\/rome.style\/ es publicado por :<\/p>\n\n\n\n<p>SMARTCENTER, SARL con un capital de 2000\u20ac.<br>Director de la publicaci\u00f3n: Christophe LYAN (Angel @ rome.style)<\/p>\n\n\n\n<p>SMARTCENTER 44 rue POIZAT Bat C 69100 Villeurbanne Francia N\u00b0SIRET : 523354439<\/p>\n\n\n\n<p>Hosting<\/p>\n\n\n\n<p>El contenido de Rome.Style est\u00e1 alojado en:<\/p>\n\n\n\n<p>OVH: http:\/\/www.ovh.com<\/p>\n\n\n\n<p>El nombre de dominio est\u00e1 alojado por OVH: http:\/\/www.ovh.com<\/p>\n\n\n\n<p>OVH SAS con capital de 10.069.020 euros RCS Lille M\u00e9tropole 424 761 419 00045<\/p>\n\n\n\n<p>Domicilio social: 2 rue Kellermann &#8211; 59100 Roubaix &#8211; Francia.<\/p>\n\n\n\n<p>De conformidad con los art\u00edculos 39 y siguientes de la Ley modificada de 6 de enero de 1978, el usuario dispone de un derecho de acceso y rectificaci\u00f3n de los datos que le conciernen. Si desea ejercer este derecho y obtener informaci\u00f3n sobre usted, puede utilizar nuestra p\u00e1gina \u00abcontacto\u00bb.<\/p>\n\n\n\n<p>Derechos de propiedad intelectual<\/p>\n\n\n\n<p>El sitio web https:\/\/rome.style\/ est\u00e1 gestionado por Smartcenter (en lo sucesivo, \u00abSmartcenter\u00bb). La presentaci\u00f3n y cada uno de los elementos, incluidas las marcas, logotipos y nombres de dominio, que aparecen en el sitio https:\/\/rome.style\/ (en adelante, \u00abel Sitio\u00bb), est\u00e1n protegidos por la legislaci\u00f3n vigente en materia de propiedad intelectual.<\/p>\n\n\n\n<p>Ning\u00fan elemento como el contenido editorial o las fotograf\u00edas que componen los Sitios puede ser copiado, reproducido, modificado, republicado, cargado, distorsionado, transmitido o distribuido de ninguna manera, en ning\u00fan soporte, en su totalidad o en parte, sin la autorizaci\u00f3n previa por escrito de Smartcenter, a excepci\u00f3n del uso estricto con fines de prensa y bajo reserva del respeto de los derechos de propiedad intelectual y de cualquier otro derecho de propiedad mencionado en los mismos. Se autoriza la copia para uso privado \u00fanicamente para su uso personal, privado y no comercial en su ordenador personal.<\/p>\n\n\n\n<p>En toda copia autorizada de todo o parte del contenido del Sitio deber\u00e1 figurar el siguiente aviso: \u00abCOPYRIGHT Smartcenter TODOS LOS DERECHOS RESERVADOS\u00bb. Cualquier uso autorizado de los elementos que componen o aparecen en el sitio debe hacerse sin distorsi\u00f3n, modificaci\u00f3n o alteraci\u00f3n de ning\u00fan tipo.<\/p>\n\n\n\n<p>Cualquier representaci\u00f3n total o parcial de este sitio por cualquier medio sin la autorizaci\u00f3n expresa del sitio rome.style est\u00e1 prohibida y constituye una infracci\u00f3n sancionada por los art\u00edculos L.335-2 y siguientes del C\u00f3digo de la Propiedad Intelectual franc\u00e9s.<\/p>\n\n\n\n<p>Cualquier reproducci\u00f3n total o parcial de estas marcas o logotipos, realizada a partir de elementos del sitio sin la autorizaci\u00f3n expresa del sitio rome.style est\u00e1 por lo tanto prohibida, en el sentido del art\u00edculo L.713-2 del C\u00f3digo franc\u00e9s de la Propiedad Intelectual.<\/p>\n\n\n\n<p>Smartcenter se reserva el derecho de emprender acciones legales contra cualquier violaci\u00f3n de sus derechos de propiedad intelectual.<\/p>\n\n\n\n<p>Enlaces a otros sitios<\/p>\n\n\n\n<p>Nuestras gu\u00edas de viaje en l\u00ednea funcionan sobre la base del marketing de afiliaci\u00f3n con tiqets.com, getyourguide.fr, booking.com, amazon. Por estos servicios de afiliaci\u00f3n, Smartcenter recibe una comisi\u00f3n cuando usted utiliza los enlaces de nuestra gu\u00eda de viajes para realizar una compra, pero como cliente usted simplemente paga el mismo precio que si reservara directamente con estos socios afiliados. Estos servicios nos permiten ofrecer nuestras gu\u00edas de viaje en l\u00ednea de forma gratuita.<\/p>\n\n\n\n<p>Smartcenter no se hace responsable de los sitios de terceros a los que pueda acceder a trav\u00e9s de los mismos. No tenemos ning\u00fan medio de controlar el contenido de estos sitios de terceros, que siguen siendo totalmente independientes de Smartcenter. Adem\u00e1s, la existencia de un enlace entre los Sitios y un sitio de terceros no significa que Smartcenter apruebe en modo alguno el contenido de este sitio y, a fortiori, cualquier uso que pueda hacerse del mismo.<\/p>\n\n\n\n<p>Adem\u00e1s, es su responsabilidad tomar las precauciones necesarias para evitar cualquier contaminaci\u00f3n de los Sitios por, en particular, uno o varios \u00abvirus\u00bb, \u00abcaballos de Troya\u00bb o cualquier otro \u00abpar\u00e1sito\u00bb.<\/p>\n\n\n\n<p>Los sitios externos pueden contener enlaces de hipertexto que apunten a los Sitios. Dichos enlaces no podr\u00e1n instalarse sin el consentimiento expreso y previo de Smartcenter. En cualquier caso, Smartcenter no es en ning\u00fan caso responsable de la indisponibilidad de dichos sitios y Smartcenter no examina, controla, aprueba ni es responsable del contenido, publicidad, productos u otros elementos disponibles en o a trav\u00e9s de estos sitios.<\/p>\n\n\n\n<p>Comentarios sobre productos y tiendas<\/p>\n\n\n\n<p>Todos los comentarios enviados por los visitantes son revisados por el equipo de los Sitios, que es el \u00fanico juez de si son aceptables o no, y no se puede presentar ninguna queja. Dado que la validaci\u00f3n de un comentario nunca es definitiva, un comentario que ya haya sido validado podr\u00e1 ser eliminado de los Sitios en cualquier momento sin que quepa reclamaci\u00f3n alguna.<\/p>\n\n\n\n<p>Los comentarios deben respetar la legislaci\u00f3n vigente en Francia. Est\u00e1n prohibidos los siguientes<\/p>\n\n\n\n<ul class=\"wp-block-list\">\n<li>la incitaci\u00f3n al odio racial y a la discriminaci\u00f3n<\/li>\n\n\n\n<li>la negaci\u00f3n de cr\u00edmenes contra la humanidad y la apolog\u00eda de cr\u00edmenes de guerra<\/li>\n\n\n\n<li>la difamaci\u00f3n, que es un ataque al honor de una persona<\/li>\n\n\n\n<li>la incitaci\u00f3n a la pirater\u00eda inform\u00e1tica.<\/li>\n<\/ul>\n\n\n\n<p>Los administradores del sitio tambi\u00e9n se reservan el derecho a eliminar un comentario si lo consideran demasiado agresivo, grosero o completamente fuera de tema.<br>Tambi\u00e9n se suprimir\u00e1n las alusiones sexistas, hom\u00f3fobas o racistas, as\u00ed como los mensajes publicitarios y los que contengan datos de contacto privados, una direcci\u00f3n de Internet, una direcci\u00f3n postal o una direcci\u00f3n de correo electr\u00f3nico.<\/p>\n\n\n\n<p>Informaci\u00f3n sobre los productos<\/p>\n\n\n\n<p>Toda la informaci\u00f3n y las fotos de los productos que figuran en nuestros sitios no son contractuales. S\u00f3lo la informaci\u00f3n indicada en los sitios espec\u00edficos de los comerciantes es vinculante, de conformidad con sus respectivas condiciones de venta.<\/p>\n\n\n\n<p>No nos hacemos responsables de posibles errores en las especificaciones t\u00e9cnicas de un producto.<\/p>\n\n\n\n<p>Pol\u00edtica de confidencialidad &#8211; Informaci\u00f3n personal y de otro tipo<\/p>\n\n\n\n<p>Smartcenter no divulgar\u00e1 a terceros los datos personales que usted nos comunique por correo electr\u00f3nico. S\u00f3lo se utilizar\u00e1n para responderle con la mayor eficacia posible.<\/p>\n\n\n\n<p>De conformidad con la Ley francesa de Protecci\u00f3n de Datos de 6 de enero de 1978, usted tiene derecho a acceder, modificar, rectificar y suprimir cualquier dato personal que le concierna.<\/p>\n\n\n\n<p>Para ello, s\u00f3lo tiene que enviar una solicitud a angel at rome.style.<\/p>\n\n\n\n<p>Los Sitios no est\u00e1n destinados a recibir informaci\u00f3n confidencial de su parte. En consecuencia, y a excepci\u00f3n de los datos personales mencionados anteriormente, cualquier informaci\u00f3n, sea cual sea su forma -documento, dato, gr\u00e1fico, pregunta, sugerencia, concepto, observaci\u00f3n u otra- que nos comunique a trav\u00e9s de los Sitios no se considerar\u00e1 confidencial en ning\u00fan caso. En consecuencia, el mero hecho de que nos env\u00ede dicha informaci\u00f3n nos da derecho a utilizarla, reproducirla, distribuirla, modificarla o transmitirla con el fin de tramitar su solicitud.<\/p>\n\n\n\n<p>Limitaci\u00f3n de responsabilidad<\/p>\n\n\n\n<p>Smartcenter se esfuerza por garantizar, en la medida de sus posibilidades, que la informaci\u00f3n publicada en los Sitios Web sea exacta y est\u00e9 actualizada, y se reserva el derecho de corregir el contenido de los Sitios Web en cualquier momento y sin previo aviso. No obstante, Smartcenter no puede garantizar la exactitud, precisi\u00f3n, actualizaci\u00f3n o exhaustividad de la informaci\u00f3n puesta a disposici\u00f3n en los Sitios Web.<\/p>\n\n\n\n<p>Los visitantes y comerciantes siguen siendo los propietarios de la informaci\u00f3n que nos comunican. Smartcenter declina toda responsabilidad por declaraciones falsas realizadas por un comerciante o un usuario. Smartcenter se reserva el derecho de emprender acciones legales contra el comerciante o el usuario en caso de declaraciones falsas que le perjudiquen. Por lo tanto, el comerciante y el usuario aceptan la responsabilidad legal y penal de la informaci\u00f3n proporcionada, as\u00ed como las consecuencias legales y penales que puedan surgir en caso de litigio.<\/p>\n\n\n\n<p>En consecuencia, y con excepci\u00f3n de los da\u00f1os directos resultantes de una negligencia grave o de una falta intencionada por parte de Smartcenter, este \u00faltimo declina toda responsabilidad &#8211; por cualquier imprecisi\u00f3n, inexactitud u omisi\u00f3n relativa a la informaci\u00f3n disponible en los Sitios; &#8211; por cualquier da\u00f1o resultante de una intrusi\u00f3n fraudulenta de un tercero que conlleve una modificaci\u00f3n de la informaci\u00f3n o de los elementos puestos a disposici\u00f3n en el Sitio; &#8211; y m\u00e1s generalmente por cualquier da\u00f1o, directo o indirecto, cualquiera que sea la causa, el origen, la naturaleza o las consecuencias, incluso si Smartcenter ha sido advertido de la posibilidad de tales da\u00f1os, causados por (i) el acceso de cualquier persona al Sitio o la imposibilidad de acceder a \u00e9l, (ii) el uso del Sitio, incluido cualquier deterioro o virus que pueda infectar su equipo inform\u00e1tico o cualquier otro bien, y\/o (iii) el cr\u00e9dito dado a cualquier informaci\u00f3n procedente directa o indirectamente del Sitio.<\/p>\n\n\n\n<p>Los elementos del Sitio o de cualquier otro sitio se proporcionan \u00abtal cual\u00bb, sin garant\u00eda de ning\u00fan tipo, ni expresa ni impl\u00edcita. Smartcenter no ofrece ninguna garant\u00eda, impl\u00edcita o expl\u00edcita, relativa, sin limitaci\u00f3n, a su valor de mercado o a su idoneidad para un fin determinado.<\/p>\n\n\n\n<p>Ley de protecci\u00f3n de datos:<\/p>\n\n\n\n<p>Los datos personales comunicados por los internautas al solicitar informaci\u00f3n en este sitio s\u00f3lo se utilizar\u00e1n para poner en contacto a los internautas con un profesional elegido en funci\u00f3n de la localizaci\u00f3n geogr\u00e1fica indicada por el internauta.<\/p>\n\n\n\n<p>Este profesional podr\u00e1 ponerse en contacto con los internautas para responder a sus solicitudes de informaci\u00f3n.<\/p>\n\n\n\n<p>Los derechos de oposici\u00f3n, rectificaci\u00f3n y supresi\u00f3n de esta informaci\u00f3n personal est\u00e1n garantizados por la Ley francesa de Protecci\u00f3n de Datos de 6 de enero de 1978. Los internautas pueden ejercer su derecho a esta informaci\u00f3n personal enviando una simple solicitud a la siguiente direcci\u00f3n: contact @ rome.Style<\/p>\n\n\n\n<p>Disponibilidad del sitio web<\/p>\n\n\n\n<p>Usted reconoce (i) que es t\u00e9cnicamente imposible proporcionar los Sitios libres de todo defecto y que Smartcenter no puede comprometerse a ello; (ii) que los defectos pueden provocar la indisponibilidad temporal del Sitio; y que (iii) el funcionamiento del Sitio puede verse afectado por acontecimientos y\/o elementos que Smartcenter no controla, como, por ejemplo, los medios de transmisi\u00f3n y comunicaci\u00f3n entre usted y Smartcenter y entre Smartcenter y otras redes.<\/p>\n\n\n\n<p>Smartcenter y\/o sus proveedores podr\u00e1n, en cualquier momento, modificar o interrumpir, temporal o permanentemente, la totalidad o parte de los Sitios para llevar a cabo operaciones de mantenimiento y\/o realizar mejoras y\/o modificaciones en los Sitios. Smartcenter no es responsable de ninguna modificaci\u00f3n, suspensi\u00f3n o interrupci\u00f3n de los Sitios.<\/p>\n\n\n\n<p>Amazon<br>https:\/\/rome.style\/ participa en el Amazon EU Partner Programme, un programa de afiliaci\u00f3n dise\u00f1ado para permitir a los sitios web ganar dinero mediante enlaces a Amazon.es. Los usuarios son libres de buscar productos de Amazon.co.uk por su cuenta si prefieren no utilizar los enlaces del sitio, y no est\u00e1n obligados a comprar ninguno de los productos mostrados.<\/p>\n\n\n\n<p>Disposiciones jurisdiccionales<\/p>\n\n\n\n<p>El Sitio y su contenido se rigen por la legislaci\u00f3n francesa, y cualquier litigio derivado de la misma se someter\u00e1 a la jurisdicci\u00f3n de los tribunales franceses.<\/p>\n\n\n\n<p>COOKIES<\/p>\n\n\n\n<p>A continuaci\u00f3n describimos los rastreadores y\/o cookies (en lo sucesivo denominados \u00abCookies\u00bb) que pueden<br>ser depositados y\/o le\u00eddos en su terminal cuando utilice la Plataforma, as\u00ed como los<br>medios de que dispone para aceptar o rechazar estas Cookies en cualquier momento.<br>\u00bfQu\u00e9 es una cookie?<br>Una cookie es un peque\u00f1o archivo inform\u00e1tico que se deposita y\/o lee, por ejemplo, cuando usted<br>consulta un sitio web o una aplicaci\u00f3n m\u00f3vil, independientemente del tipo de terminal que est\u00e9 utilizando<br>terminal que est\u00e9 utilizando (ordenador, smartphone, tableta, etc.).<br>Existen varios tipos de cookies, como las cookies HTTP, las cookies flash<br>fingerprinting, identificadores generados por un programa inform\u00e1tico o un sistema operativo<br>(n\u00famero de serie, direcci\u00f3n MAC, identificador \u00fanico de terminal (UTI), etc.).<br>\u00bfQu\u00e9 cookies utilizamos en la Plataforma?<br>Cuando se conecta por primera vez a la Plataforma, aparece un banner informativo<br>para informarle, antes del dep\u00f3sito de estas Cookies, (1) de su presencia y (2)<br>para permitirle configurarlas. Le informamos de que 4 categor\u00edas de Cookies<br>pueden instalarse cuando navega por nuestra Plataforma:<br>Cookies necesarias<br>Estas Cookies son necesarias para que la Plataforma funcione correctamente.<br>Dentro de nuestra Plataforma, utilizamos:<br>\u25cf Cookies para realizar un seguimiento de sus elecciones con respecto a la colocaci\u00f3n de Cookies (qu\u00e9<br>cookies usted autoriza) ;<br>\u25cf Cookies que le permiten utilizar las principales funciones de la Plataforma, en particular<br>Plataforma, a saber, en particular:<br>\u25cb identificarle e iniciar sesi\u00f3n en su cuenta,<br>\u25cb mostrar en la Plataforma los Productos que ya ha visto,<br>\u25cf Cookies que nos permiten mantener un registro del contenido de su<br>cesta de la compra en nuestra Plataforma;<br>\u25cf Cookies que le permiten pagar sus Pedidos en la Plataforma;<br>\u25cf Cookies que permiten el equilibrio de carga del equipo;<br>\u25cf Cookies de medici\u00f3n de audiencia que son estrictamente necesarias para la<br>prestaci\u00f3n de nuestros servicios.<br>Estas Cookies no requieren su consentimiento. No obstante, puede configurar su<br>navegador para bloquearlas. Si bloquea estos rastreadores, es posible que la Plataforma no<br>funcione correctamente.<br>Cookies de preferencias<br>Estas cookies nos permiten optimizar su navegaci\u00f3n en nuestra Plataforma y<br>mejorar el contenido que le ofrecemos.<br>A modo de ejemplo, tenemos:<br>\u25cf Cookies para mostrar v\u00eddeos de Youtube;<br>\u25cf Cookies para analizar su navegaci\u00f3n y ofrecerle sondeos y<br>encuestas para ayudarnos a entender c\u00f3mo utiliza la Plataforma y mejorar nuestra<br>Plataforma y mejorar nuestros Servicios.<br>Debe aceptar estas Cookies para beneficiarse de ellas.<br>Cookies estad\u00edsticas<br>Estas Cookies nos permiten medir la audiencia de nuestra Plataforma (n\u00famero de<br>visitantes, tiempo de navegaci\u00f3n, etc.) con el fin de mejorar su funcionamiento y los<br>servicios ofrecidos.<br>Estas Cookies nos permiten conocer:<br>\u25cf el valor en euros y la composici\u00f3n de su cesta, incluso si la transacci\u00f3n no ha sido<br>finalizado ;<br>\u25cf el contenido de sus b\u00fasquedas en la Plataforma;<br>\u25cf su marca de tiempo;<br>\u25cf tu ubicaci\u00f3n (geolocalizaci\u00f3n basada en tu direcci\u00f3n IP hasta la ciudad m\u00e1s cercana)<br>ciudad m\u00e1s cercana);<br>\u25cf la URL de la p\u00e1gina de destino y la URL del sitio web desde el que usted<br>has llegado;<br>\u25cf tu direcci\u00f3n IP;<br>\u25cf el nombre, la versi\u00f3n, el idioma y el tama\u00f1o de ventana de su navegador y de<br>su sistema operativo, tal y como los transmite su navegador.<br>Utilizamos \u00abGoogle Analytics\u00bb para establecer nuestras mediciones de audiencia. El uso de<br>Google Analytics implica la transferencia de datos personales a Estados Unidos. Nosotros<br>Le invitamos a leer las condiciones de uso de Google Analytics:<br>www.google.com\/policies\/privacy\/partners\/.<br>Si desea desactivar Google Analytics en su navegador, puede instalar<br>un m\u00f3dulo adicional desarrollado por Google para su navegador:<br>https:\/\/tools.google.com\/dlpage\/gaoptout?hl=fr.<br>Cookies de marketing<br>Estas cookies nos permiten analizar sus h\u00e1bitos de navegaci\u00f3n para identificar sus \u00e1reas de inter\u00e9s<br>intereses y mostrarle anuncios que tengan m\u00e1s probabilidades de interesarle durante<br>su navegaci\u00f3n por Internet.<br>En este contexto, pueden almacenarse dos tipos de Cookies en la Plataforma:<br>\u25cf Cookies \u00abinternas\u00bb depositadas y utilizadas por ManoMano ;<br>\u25cf Cookies denominadas \u00abde terceros\u00bb depositadas, utilizadas y gestionadas directamente por nuestros<br>socios. Somos responsables conjuntamente del tratamiento de estas Cookies con<br>nuestros socios.<br>Las empresas asociadas que depositan y utilizan Cookies en nuestras Plataformas<br>en su nombre son:<br>\u25cf Google Inc (1600 Amphitheatre Parkway, Mountain View, CA 94043, Estados Unidos,<br>\u00abGoogle\u00bb): https:\/\/www.google.com\/privacy\/ads. Usted puede desactivar<br>el uso de cookies de personalizaci\u00f3n de anuncios de Google haciendo clic en el siguiente enlace<br>el siguiente enlace, descargando e instalando el plug-in proporcionado:<br>https:\/\/support.google.com\/ads\/answer\/7395996?hl=fr ;<br>\u25cf Facebook (1601 S. California Ave, Palo Alto, CA 94304, Estados Unidos, \u00abFacebook\u00bb):<br>https:\/\/www.facebook.com\/about\/privacy ;<br>\u25cf Microsoft:<br>https:\/\/about.ads.microsoft.com\/en-gb\/resources\/policies\/privacy-and-data-prot<br>\u00edas de protecci\u00f3n de datos.<br>Le invitamos a consultar sus pol\u00edticas de protecci\u00f3n de datos (enlace<br>enlace anterior) para obtener m\u00e1s informaci\u00f3n sobre el tratamiento realizado por nuestros socios y, si desea<br>oponerse a sus servicios.<br>Estas Cookies nos permiten:<br>\u25cf analizar su navegaci\u00f3n en la Plataforma (por ejemplo, el n\u00famero de p\u00e1ginas<br>vistas, Productos consultados, b\u00fasquedas que ha realizado) ;<br>\u25cf crear estad\u00edsticas de rendimiento, en particular para indicar el n\u00famero total de<br>Usuarios que han hecho clic en los anuncios ;<br>\u25cf mostrarle los anuncios m\u00e1s relevantes para usted en funci\u00f3n de su navegaci\u00f3n<br>navegaci\u00f3n y su perfil cuando visite otro sitio web de la red de los socios<br>socios;<br>\u25cf limitar el n\u00famero de veces que se le muestra el mismo anuncio;<br>\u25cf orientar los anuncios a Usuarios que hayan visitado o interactuado previamente con nuestra<br>Plataforma;<br>\u25cf garantizar la seguridad, prevenir el fraude y depurar ;<br>\u25cf desarrollar y mejorar los servicios prestados.<br>Debe aceptar estas Cookies para beneficiarse de ellas.<br>\u00bfDurante cu\u00e1nto tiempo se conserva mi consentimiento?<br>Su consentimiento se conserva durante un per\u00edodo de 12 meses. Puede cambiar su consentimiento<br>modificar su consentimiento en cualquier momento en la secci\u00f3n \u00abConfigurar mis cookies\u00bb.<br>\u00bfCu\u00e1nto duran las Cookies?<br>La duraci\u00f3n de cada Cookie se indica en la secci\u00f3n \u00abConfiguraci\u00f3n\u00bb de nuestra herramienta de<br>de gesti\u00f3n de Cookies.<br>C\u00f3mo configuro mis cookies?<br>Puede optar en cualquier momento por expresar y modificar sus deseos en relaci\u00f3n con<br>por los medios que se describen a continuaci\u00f3n.<br>Con la plataforma de gesti\u00f3n de cookies utilizada por el Proveedor de Servicios<br>Utilizamos una herramienta que le permite gestionar el dep\u00f3sito de Cookies cuando se<br>conexi\u00f3n a la Plataforma. Puede configurar los par\u00e1metros de las Cookies depositadas en la<br>Plataforma en cualquier momento haciendo clic en \u00abConfigurar mis cookies\u00bb en la parte inferior de la p\u00e1gina web.<br>Con su navegador<br>En principio, su navegador le permite ver, gestionar, eliminar y bloquear<br>las cookies de un sitio web. Puede configurar su navegador para que<br>que:<br>\u25cf Las cookies se almacenen en su terminal o, por el contrario, que sean rechazadas, ya sea sistem\u00e1ticamente o en funci\u00f3n del remitente.<br>rechazadas, ya sea sistem\u00e1ticamente o en funci\u00f3n del remitente.<br>12<br>\u25cf se le ofrezca la posibilidad de aceptar o rechazar Cookies cada cierto tiempo, antes de que<br>que una Cookie pueda quedar registrada en su terminal.<br>Se le informa de que si elimina todas las Cookies, perder\u00e1 todas sus opciones.<br>Cualquier configuraci\u00f3n que realice puede afectar a su navegaci\u00f3n por Internet y a sus<br>navegaci\u00f3n por Internet y sus condiciones de acceso a determinados servicios que requieren<br>el uso de Cookies. Se llama su atenci\u00f3n sobre el hecho de que un cierto n\u00famero de funciones<br>necesarias para navegar por la Plataforma pueden verse mermadas como consecuencia de la configuraci\u00f3n que usted<br>como resultado de los ajustes que haya realizado (dificultades de grabaci\u00f3n o visualizaci\u00f3n, etc.).<br>dificultades de visualizaci\u00f3n, etc.).<br>Puede configurar el software de su navegador para que las cookies<br>que las cookies se almacenen en su terminal o, por el contrario, que se rechacen<br>sistem\u00e1ticamente o en funci\u00f3n de qui\u00e9n las env\u00ede.<br>La configuraci\u00f3n de cada navegador es diferente. Se describe en el<br>men\u00fa de ayuda de su navegador, que le indicar\u00e1 c\u00f3mo modificar sus preferencias en materia de cookies.<br>deseos con respecto a las cookies.<br>\u25cf Para Safari\u2122: https:\/\/support.apple.com\/kb\/PH5042<br>\u25cf Para Chrome\u2122:<br>https:\/\/support.google.com\/chrome\/bin\/answer.py?hl=fr&amp;hlrm=en&amp;answer=956<br>47<br>\u25cf Para Firefox\u2122: https\/\/support.mozilla.org\/en\/kb\/activate-desactivate-cookies<br>Le invitamos a consultar el sitio web de la CNIL para obtener m\u00e1s informaci\u00f3n sobre c\u00f3mo<br>configurar las Cookies en los navegadores Chrome, Firefox e Internet Explorer:<br>https:\/\/www.cnil.fr\/vos-droits\/vos-traces\/les-cookies\/<br>Con el sistema operativo de su smartphone<br>Puede gestionar el dep\u00f3sito de Cookies en las reglas del sistema operativo de su smartphone.<br>sistema operativo.<\/p>\n","protected":false},"excerpt":{"rendered":"<p>Informaci\u00f3n legal https:\/\/rome.style\/ es un sitio web dise\u00f1ado para proporcionar informaci\u00f3n sobre ROMA. Descubra nuestros art\u00edculos, nuestros reportajes, nuestras experiencias, nuestras gu\u00edas de compra, \u00a1y comparta su experiencia! Los productos aqu\u00ed presentados se presentan con total objetividad y no tenemos ning\u00fan v\u00ednculo con las marcas. La informaci\u00f3n sobre los productos y servicios se le ofrece &#8230; <a title=\"Pol\u00edtica de privacidad\" class=\"read-more\" href=\"https:\/\/rome.style\/es\/politica-de-privacidad\/\" aria-label=\"Leer m\u00e1s sobre Pol\u00edtica de privacidad\">Leer m\u00e1s<\/a><\/p>\n","protected":false},"author":1,"featured_media":0,"parent":0,"menu_order":0,"comment_status":"closed","ping_status":"closed","template":"","meta":{"_seopress_robots_primary_cat":"","_seopress_titles_title":"","_seopress_titles_desc":"","_seopress_robots_index":"yes","footnotes":""},"class_list":["post-783","page","type-page","status-publish"],"_links":{"self":[{"href":"https:\/\/rome.style\/es\/wp-json\/wp\/v2\/pages\/783","targetHints":{"allow":["GET"]}}],"collection":[{"href":"https:\/\/rome.style\/es\/wp-json\/wp\/v2\/pages"}],"about":[{"href":"https:\/\/rome.style\/es\/wp-json\/wp\/v2\/types\/page"}],"author":[{"embeddable":true,"href":"https:\/\/rome.style\/es\/wp-json\/wp\/v2\/users\/1"}],"replies":[{"embeddable":true,"href":"https:\/\/rome.style\/es\/wp-json\/wp\/v2\/comments?post=783"}],"version-history":[{"count":0,"href":"https:\/\/rome.style\/es\/wp-json\/wp\/v2\/pages\/783\/revisions"}],"wp:attachment":[{"href":"https:\/\/rome.style\/es\/wp-json\/wp\/v2\/media?parent=783"}],"curies":[{"name":"wp","href":"https:\/\/api.w.org\/{rel}","templated":true}]}}