{"id":627,"date":"2023-12-07T13:37:37","date_gmt":"2023-12-07T12:37:37","guid":{"rendered":"https:\/\/rome.style\/?page_id=627"},"modified":"2024-01-03T21:26:21","modified_gmt":"2024-01-03T20:26:21","slug":"hp-it","status":"publish","type":"page","link":"https:\/\/rome.style\/it\/","title":{"rendered":"Hp it"},"content":{"rendered":"\n<div class=\"wp-block-stackable-heading stk-block-heading stk-block-heading--v2 stk-block stk-2581950\" id=\"visitare-roma-i-migliori-consigli-per-la-migliore-vacanza-a-roma\" data-block-id=\"2581950\"><h1 class=\"stk-block-heading__text\">Visitare Roma: i migliori consigli per la migliore vacanza a Roma<\/h1><\/div>\n\n\n\n<div class=\"wp-block-stackable-columns stk-block-columns stk-block stk-e5d5b1b\" data-block-id=\"e5d5b1b\"><div class=\"stk-row stk-inner-blocks stk-block-content stk-content-align stk-e5d5b1b-column\">\n<div class=\"wp-block-stackable-column stk-block-column stk-column stk-block stk-b6627bb\" data-v=\"4\" data-block-id=\"b6627bb\"><style>.stk-b6627bb{align-self:center !important}@media screen and (min-width:768px){.stk-b6627bb{flex:1 1 calc(15% - var(--stk-column-gap,0px) * 1 \/ 2 ) !important}}<\/style><div class=\"stk-column-wrapper stk-block-column__content stk-container stk-b6627bb-container stk--no-background stk--no-padding\"><div class=\"stk-block-content stk-inner-blocks stk-b6627bb-inner-blocks\">\n<div class=\"wp-block-stackable-image stk-block-image stk-block stk-dd774de\" data-block-id=\"dd774de\"><style>.stk-dd774de .stk-img-wrapper{width:50% !important}.stk-dd774de .stk-img-figcaption{font-size:13px !important;font-weight:700 !important;text-align:center !important}@media screen and (max-width:1023px){.stk-dd774de .stk-img-figcaption{font-size:13px !important}}<\/style><figure><span class=\"stk-img-wrapper stk-image--shape-stretch\"><img decoding=\"async\" class=\"stk-img wp-image-324\" src=\"https:\/\/rome.style\/wp-content\/uploads\/angel.png\" width=\"80\" height=\"80\" alt=\"Angel Rome.style\"\/><\/span><figcaption class=\"stk-img-figcaption\">Angel<\/figcaption><\/figure><\/div>\n<\/div><\/div><\/div>\n\n\n\n<div class=\"wp-block-stackable-column stk-block-column stk-column stk-block stk-7cde882\" data-v=\"4\" data-block-id=\"7cde882\"><style>@media screen and (min-width:768px){.stk-7cde882{flex:1 1 calc(85% - var(--stk-column-gap,0px) * 1 \/ 2 ) !important}}<\/style><div class=\"stk-column-wrapper stk-block-column__content stk-container stk-7cde882-container stk--no-background stk--no-padding\"><div class=\"stk-block-content stk-inner-blocks stk-7cde882-inner-blocks\">\n<div class=\"wp-block-stackable-text stk-block-text stk-block stk-77738dc\" data-block-id=\"77738dc\"><p class=\"stk-block-text__text\">Roma, la <strong>citt\u00e0 eterna<\/strong>, \u00e8 ricca di <strong>monumenti<\/strong>, <strong>musei<\/strong> e siti storici mozzafiato. Se avete intenzione di visitare questa <strong>capitale italiana<\/strong>, vi consigliamo vivamente di scegliere un pass turistico per facilitare gli spostamenti e massimizzare le visite. Un pass turistico vi permetter\u00e0 di scoprire tutte le <strong>attrazioni imperdibili<\/strong> della citt\u00e0 in modo facile e veloce, <strong>evitando code interminabili<\/strong>.<\/p><\/div>\n<\/div><\/div><\/div>\n<\/div><\/div>\n\n\n\n<div class=\"wp-block-stackable-text stk-block-text stk-block stk-40acacb\" data-block-id=\"40acacb\"><p class=\"stk-block-text__text\">Uno dei principali vantaggi di un pass turistico \u00e8 che consente l&#8217;<strong>accesso prioritario<\/strong> a determinati monumenti e musei. Scegliendo un <strong>pass &#8220;salta la coda&#8221;<\/strong>, potrete visitare luoghi come il <strong>Colosseo<\/strong>, la <strong>Basilica di San Pietro<\/strong>, i <strong>Musei Vaticani<\/strong> e la <strong>Cappella Sistina<\/strong> <em>senza dover fare ore di coda<\/em>. Questo vi far\u00e0 risparmiare tempo prezioso e vi permetter\u00e0 di godervi appieno la vostra visita. Un altro grande vantaggio del pass turistico \u00e8 la possibilit\u00e0 di partecipare a <strong>visite guidate<\/strong>.<\/p><\/div>\n\n\n\n<div class=\"wp-block-stackable-columns stk-block-columns stk-block stk-5a3f8a6\" data-block-id=\"5a3f8a6\"><div class=\"stk-row stk-inner-blocks stk-block-content stk-content-align stk-5a3f8a6-column\">\n<div class=\"wp-block-stackable-column stk-block-column stk-column stk-block stk-9757e64\" data-v=\"4\" data-block-id=\"9757e64\"><style>.stk-9757e64{align-self:flex-end !important}<\/style><div class=\"stk-column-wrapper stk-block-column__content stk-container stk-9757e64-container stk--no-background stk--no-padding\"><div class=\"stk-block-content stk-inner-blocks stk-9757e64-inner-blocks\">\n<div class=\"wp-block-stackable-call-to-action stk-block-call-to-action stk-block stk-24556c3 is-style-default\" data-v=\"2\" data-block-id=\"24556c3\"><div class=\"stk-block-call-to-action__content stk-content-align stk-24556c3-column stk-container stk-24556c3-container stk-hover-parent\"><div class=\"has-text-align-center stk-block-content stk-inner-blocks stk-24556c3-inner-blocks\">\n<div class=\"wp-block-stackable-heading stk-block-heading stk-block-heading--v2 stk-block stk-141e1b9\" id=\"guida-al-confronto-dei-pass-turistici-di-roma\" data-block-id=\"141e1b9\"><h2 class=\"stk-block-heading__text\">Guida al confronto dei pass turistici di Roma<\/h2><\/div>\n\n\n\n<div class=\"wp-block-stackable-text stk-block-text stk-block stk-75aa73d\" data-block-id=\"75aa73d\"><style>.stk-75aa73d .stk-block-text__text{font-size:14px !important}@media screen and (max-width:1023px){.stk-75aa73d .stk-block-text__text{font-size:14px !important}}<\/style><p class=\"stk-block-text__text\">In questa guida completa troverete <strong>tutte le opzioni di pass disponibili<\/strong>, in modo da non dover cercare informazioni su diversi siti. <strong>Potrete individuare il pass pi\u00f9 adatto<\/strong> alle vostre esigenze di viaggio. Le informazioni vengono aggiornate ogni settimana, rendendo molto pi\u00f9 semplice la pianificazione del viaggio.<\/p><\/div>\n\n\n\n<div class=\"wp-block-stackable-button-group stk-block-button-group stk-block stk-e85269c\" data-block-id=\"e85269c\"><div class=\"stk-row stk-inner-blocks stk-block-content stk-button-group\">\n<div class=\"wp-block-stackable-button stk-block-button stk-block stk-d6f3f62\" data-block-id=\"d6f3f62\"><style>.stk-d6f3f62{border-top-left-radius:5px !important;border-top-right-radius:5px !important;border-bottom-right-radius:5px !important;border-bottom-left-radius:5px !important;overflow:hidden !important;box-shadow:none !important;flex:1 1 0 !important}.stk-d6f3f62,.stk-d6f3f62 .stk-button{width:100% !important}.stk-d6f3f62 .stk-button{background:var(--accent) !important}.stk-d6f3f62 .stk-button:before{box-shadow:0 5px 30px -10px rgba(18,63,82,0.3) !important}.stk-d6f3f62 .stk-button__inner-text{font-size:16px !important}@media screen and (max-width:1023px){.stk-d6f3f62 .stk-button__inner-text{font-size:16px !important}}<\/style><a class=\"stk-link stk-button stk--hover-effect-darken\" href=\"https:\/\/rome.style\/it\/roma-tessera-musei\/\"><span class=\"stk-button__inner-text\">Guida al confronto dei pass<\/span><\/a><\/div>\n<\/div><\/div>\n<\/div><\/div><\/div>\n<\/div><\/div><\/div>\n\n\n\n<div class=\"wp-block-stackable-column stk-block-column stk-column stk-block stk-62f245d\" data-v=\"4\" data-block-id=\"62f245d\"><style>.stk-62f245d{align-self:flex-end !important}<\/style><div class=\"stk-column-wrapper stk-block-column__content stk-container stk-62f245d-container stk--no-background stk--no-padding\"><div class=\"stk-block-content stk-inner-blocks stk-62f245d-inner-blocks\">\n<div class=\"wp-block-stackable-image aligncenter stk-block-image has-text-align-center stk-block stk-8b6b0fd\" data-block-id=\"8b6b0fd\"><style>.stk-8b6b0fd .stk-img-wrapper img,.stk-8b6b0fd .stk-img-wrapper::after,.stk-8b6b0fd .stk-img-wrapper::before{mask-image:url('data:image\/svg+xml;base64,PHN2ZyB4bWxucz0iaHR0cDovL3d3dy53My5vcmcvMjAwMC9zdmciIHZpZXdCb3g9IjAgMCA2MDAgNjAwIiBwcmVzZXJ2ZUFzcGVjdFJhdGlvPSJub25lIj48cGF0aCBkPSJNNDE0LjEgNzcuMmM3My4xIDQxLjcgMTM2IDg3LjkgMTY1IDE0Mi45IDI4LjcgNTUuMiAyMy4zIDExOS41IDEwLjIgMTkyLjktMTMuMSA3My4zLTMzLjkgMTU1LjgtMTA0LjEgMTc5LjItNzAuNCAyMy42LTE5MC4zLTExLjYtMjg3LTMzLjctOTYuNi0yMi4yLTE3MC0zMS4zLTE4Ni4xLTY2LjktMTYuMS0zNS43IDI1LTk4LjEgNDYuOC0xMzYuNCAyMS44LTM4LjEgMjQtNTIgLjctOTMtMjMtNDAuOS03MS45LTEwOC45LTU3LTE2My42QzE3LjYgNDMuNyA5Ni40IDIuMSAxNzcuMi4xIDI1OC0yIDM0MSAzNS41IDQxNC4xIDc3LjJ6Ij48L3BhdGg+PC9zdmc+') !important;-webkit-mask-image:url('data:image\/svg+xml;base64,PHN2ZyB4bWxucz0iaHR0cDovL3d3dy53My5vcmcvMjAwMC9zdmciIHZpZXdCb3g9IjAgMCA2MDAgNjAwIiBwcmVzZXJ2ZUFzcGVjdFJhdGlvPSJub25lIj48cGF0aCBkPSJNNDE0LjEgNzcuMmM3My4xIDQxLjcgMTM2IDg3LjkgMTY1IDE0Mi45IDI4LjcgNTUuMiAyMy4zIDExOS41IDEwLjIgMTkyLjktMTMuMSA3My4zLTMzLjkgMTU1LjgtMTA0LjEgMTc5LjItNzAuNCAyMy42LTE5MC4zLTExLjYtMjg3LTMzLjctOTYuNi0yMi4yLTE3MC0zMS4zLTE4Ni4xLTY2LjktMTYuMS0zNS43IDI1LTk4LjEgNDYuOC0xMzYuNCAyMS44LTM4LjEgMjQtNTIgLjctOTMtMjMtNDAuOS03MS45LTEwOC45LTU3LTE2My42QzE3LjYgNDMuNyA5Ni40IDIuMSAxNzcuMi4xIDI1OC0yIDM0MSAzNS41IDQxNC4xIDc3LjJ6Ij48L3BhdGg+PC9zdmc+') !important}.stk-8b6b0fd .stk-img-figcaption{text-align:center !important}<\/style><figure><span class=\"stk-img-wrapper stk-img--shape stk-image--shape-stretch\"><img decoding=\"async\" class=\"stk-img wp-image-546\" src=\"https:\/\/rome.style\/wp-content\/uploads\/visiter-rome-1.jpg\" width=\"800\" height=\"533\" alt=\"Visiter Rome\" srcset=\"https:\/\/rome.style\/wp-content\/uploads\/visiter-rome-1.jpg 800w, https:\/\/rome.style\/wp-content\/uploads\/visiter-rome-1-300x200.jpg 300w, https:\/\/rome.style\/wp-content\/uploads\/visiter-rome-1-768x512.jpg 768w\" sizes=\"(max-width: 800px) 100vw, 800px\" \/><\/span><\/figure><\/div>\n<\/div><\/div><\/div>\n<\/div><\/div>\n\n\n\n<div class=\"wp-block-stackable-text stk-block-text stk-block stk-3916762\" data-block-id=\"3916762\"><p class=\"stk-block-text__text\">Questi tour sono ideali per scoprire a fondo la storia e la cultura di Roma. Che si tratti di <strong>visitare il Vaticano<\/strong> o di esplorare i <strong>monumenti di Roma<\/strong>, una <strong>visita guidata<\/strong> vi fornir\u00e0 informazioni chiare e interessanti con l&#8217;aiuto di una guida professionista. Scegliendo un pass turistico, beneficerete anche dell&#8217;<strong>accesso illimitato<\/strong> ai <strong>trasporti pubblici<\/strong> della citt\u00e0. Potrete spostarvi facilmente <em>da un monumento all&#8217;altro<\/em>, utilizzando gli <strong>autobus turistici hop-on hop-off<\/strong> e le navette speciali. In questo modo potrete scoprire in modo semplice e veloce le diverse zone della citt\u00e0, dal <strong>centro storico<\/strong> a <strong>Villa Borghese<\/strong> o al <strong>Monte Palatino<\/strong>.<\/p><\/div>\n\n\n\n<div class=\"wp-block-stackable-columns stk-block-columns stk-block stk-f3dbe1f\" data-block-id=\"f3dbe1f\"><div class=\"stk-row stk-inner-blocks stk-block-content stk-content-align stk-f3dbe1f-column\">\n<div class=\"wp-block-stackable-column stk-block-column stk-column stk-block stk-8cda181\" data-v=\"4\" data-block-id=\"8cda181\"><style>.stk-8cda181{align-self:center !important}<\/style><div class=\"stk-column-wrapper stk-block-column__content stk-container stk-8cda181-container stk--no-background stk--no-padding\"><div class=\"stk-block-content stk-inner-blocks stk-8cda181-inner-blocks\">\n<div class=\"wp-block-stackable-image stk-block-image stk-block stk-f56ec6d\" data-block-id=\"f56ec6d\"><style>.stk-f56ec6d{border-top-left-radius:15px !important;border-top-right-radius:15px !important;border-bottom-right-radius:15px !important;border-bottom-left-radius:15px !important;overflow:hidden !important}<\/style><figure><span class=\"stk-img-wrapper stk-image--shape-stretch\"><img decoding=\"async\" class=\"stk-img wp-image-553\" src=\"https:\/\/rome.style\/wp-content\/uploads\/forum-romain-rome.jpg\" width=\"800\" height=\"533\" alt=\"Forum Romain - Rome\" srcset=\"https:\/\/rome.style\/wp-content\/uploads\/forum-romain-rome.jpg 800w, https:\/\/rome.style\/wp-content\/uploads\/forum-romain-rome-300x200.jpg 300w, https:\/\/rome.style\/wp-content\/uploads\/forum-romain-rome-768x512.jpg 768w\" sizes=\"(max-width: 800px) 100vw, 800px\" \/><\/span><\/figure><\/div>\n<\/div><\/div><\/div>\n\n\n\n<div class=\"wp-block-stackable-column stk-block-column stk-column stk-block stk-d1c0d35\" data-v=\"4\" data-block-id=\"d1c0d35\"><div class=\"stk-column-wrapper stk-block-column__content stk-container stk-d1c0d35-container stk--no-background stk--no-padding\"><div class=\"stk-block-content stk-inner-blocks stk-d1c0d35-inner-blocks\">\n<div class=\"wp-block-stackable-text stk-block-text stk-block stk-deaef81\" data-block-id=\"deaef81\"><p class=\"stk-block-text__text\">Un pass turistico consente inoltre di ottenere <strong>sconti interessanti<\/strong> su visite e <strong>attrazioni<\/strong>. Che vogliate <strong>visitare il Museo Nazionale Romano<\/strong>, le <strong>Catacombe<\/strong>, le <strong>antiche terme<\/strong> o la <strong>Galleria Borghese<\/strong>, un pass turistico vi permetter\u00e0 di beneficiare di tariffe ridotte per l&#8217;ingresso a questi diversi siti. Questo vi permetter\u00e0 di scoprire luoghi ancora pi\u00f9 interessanti e di arricchire la vostra <strong>esperienza romana<\/strong>. Infine, la scelta di un pass turistico vi permetter\u00e0 di pianificare la vostra visita e di sfruttare al meglio il vostro tempo. Con un pass, potrete scegliere in anticipo i siti che desiderate visitare, prenotare le fasce orarie a voi pi\u00f9 congeniali ed <strong>evitare ore di coda all&#8217;ingresso<\/strong>. In questo modo potrete pianificare il vostro soggiorno in base ai vostri interessi e <strong>godervi una visita rapida ed efficiente della citt\u00e0<\/strong>.<\/p><\/div>\n<\/div><\/div><\/div>\n<\/div><\/div>\n\n\n\n<div class=\"wp-block-stackable-text stk-block-text stk-block stk-4d3a702\" data-block-id=\"4d3a702\"><p class=\"stk-block-text__text\">In sintesi, i <strong>vantaggi di visitare Roma<\/strong> e scegliere un pass turistico sono molteplici. Vi permetter\u00e0 di scoprire le <em>principali attrazioni della citt\u00e0<\/em> in modo facile e veloce, di <strong>evitare fastidiose code<\/strong>, di usufruire di <strong>accessi prioritari<\/strong>, <strong>visite guidate<\/strong>, <strong>sconti<\/strong> e <strong>accesso illimitato ai trasporti pubblici<\/strong>.<\/p><\/div>\n\n\n\n<div class=\"wp-block-stackable-image stk-block-image stk-block stk-687c11e\" data-block-id=\"687c11e\"><style>.stk-687c11e{border-top-left-radius:15px !important;border-top-right-radius:15px !important;border-bottom-right-radius:15px !important;border-bottom-left-radius:15px !important;overflow:hidden !important}<\/style><figure><span class=\"stk-img-wrapper stk-image--shape-stretch\"><img decoding=\"async\" class=\"stk-img wp-image-562\" src=\"https:\/\/rome.style\/wp-content\/uploads\/basilique-saint-pierre-rome.jpg\" width=\"800\" height=\"309\" alt=\"Basilique Saint Pierre de Rome avec pont\" srcset=\"https:\/\/rome.style\/wp-content\/uploads\/basilique-saint-pierre-rome.jpg 800w, https:\/\/rome.style\/wp-content\/uploads\/basilique-saint-pierre-rome-300x116.jpg 300w, https:\/\/rome.style\/wp-content\/uploads\/basilique-saint-pierre-rome-768x297.jpg 768w\" sizes=\"(max-width: 800px) 100vw, 800px\" \/><\/span><\/figure><\/div>\n\n\n\n<div class=\"wp-block-stackable-text stk-block-text stk-block stk-3e4f5b4\" data-block-id=\"3e4f5b4\"><p class=\"stk-block-text__text\">Roma, <strong>capitale e citt\u00e0 eterna d&#8217;Italia<\/strong>, \u00e8 ricca di monumenti e <strong>attrazioni<\/strong> da visitare. <strong>Da non perdere<\/strong> sono il <strong>Vaticano<\/strong>, la <strong>Basilica di San Pietro<\/strong> e la <strong>Cappella Sistina<\/strong>. I <strong>Musei Vaticani<\/strong> ospitano una <strong>collezione di tesori artistici e storici<\/strong>, tra cui i famosi <strong>affreschi di Michelangelo<\/strong>. Per evitare le code, si consiglia di <strong>prenotare una visita guidata<\/strong> o un <strong>biglietto all-inclusive<\/strong>.<\/p><\/div>\n\n\n\n<div class=\"wp-block-stackable-text stk-block-text stk-block stk-176b436\" data-block-id=\"176b436\"><p class=\"stk-block-text__text\">Il <strong>Colosseo<\/strong>, simbolo dell&#8217;<strong>antica Roma<\/strong>, \u00e8 un altro sito da non perdere. \u00c8 possibile visitare anche il <strong>Palatino<\/strong>, che ospita i resti dei palazzi imperiali romani. Il vicino Foro Romano \u00e8 un luogo ideale per esplorare le rovine degli edifici antichi e immergersi nella storia della citt\u00e0. Ci sono molti altri monumenti e siti da visitare nel <strong>centro storico di Roma<\/strong>. Il <strong>Pantheon<\/strong>, con la sua imponente architettura, \u00e8 una tappa obbligata.<\/p><\/div>\n\n\n\n<div class=\"wp-block-stackable-columns stk-block-columns stk-block stk-3f3b9f7\" data-block-id=\"3f3b9f7\"><div class=\"stk-row stk-inner-blocks stk-block-content stk-content-align stk-3f3b9f7-column\">\n<div class=\"wp-block-stackable-column stk-block-column stk-column stk-block stk-56195f8\" data-v=\"4\" data-block-id=\"56195f8\"><div class=\"stk-column-wrapper stk-block-column__content stk-container stk-56195f8-container stk--no-background stk--no-padding\"><div class=\"stk-block-content stk-inner-blocks stk-56195f8-inner-blocks\">\n<div class=\"wp-block-stackable-image stk-block-image stk-block stk-6ae2f56\" data-block-id=\"6ae2f56\"><style>.stk-6ae2f56 .stk-img-wrapper img,.stk-6ae2f56 .stk-img-wrapper::after,.stk-6ae2f56 .stk-img-wrapper::before{mask-image:url('data:image\/svg+xml;base64,PHN2ZyB4bWxucz0iaHR0cDovL3d3dy53My5vcmcvMjAwMC9zdmciIHZpZXdCb3g9IjAgMCA2MDAgNjAwIiBwcmVzZXJ2ZUFzcGVjdFJhdGlvPSJub25lIj48cGF0aCBkPSJNNTU1IDY5LjZjNTcuNiA3MC40IDU2LjIgMjA4LjMgMTYuOSAyOTkuOC0zOS4zIDkxLjYtMTE2LjIgMTM2LjgtMTczLjggMTY3LjItNTcuNCAzMC42LTk1LjYgNDYuMy0xNDIuMiA1Ni4yLTQ2LjUgOS45LTEwMS4zIDE0LTEzNS42LTE2LjYtMzQuMi0zMC42LTQ3LjgtOTUuMy03NC41LTE5MkMxOC45IDI4Ny42LTIxIDE1OS4xIDEzLjIgODkgNDcuNCAxOC42IDE1NS45IDYuMyAyNjguMyAxLjZjMTEyLjUtNSAyMjktMi40IDI4Ni43IDY4eiI+PC9wYXRoPjwvc3ZnPg==') !important;-webkit-mask-image:url('data:image\/svg+xml;base64,PHN2ZyB4bWxucz0iaHR0cDovL3d3dy53My5vcmcvMjAwMC9zdmciIHZpZXdCb3g9IjAgMCA2MDAgNjAwIiBwcmVzZXJ2ZUFzcGVjdFJhdGlvPSJub25lIj48cGF0aCBkPSJNNTU1IDY5LjZjNTcuNiA3MC40IDU2LjIgMjA4LjMgMTYuOSAyOTkuOC0zOS4zIDkxLjYtMTE2LjIgMTM2LjgtMTczLjggMTY3LjItNTcuNCAzMC42LTk1LjYgNDYuMy0xNDIuMiA1Ni4yLTQ2LjUgOS45LTEwMS4zIDE0LTEzNS42LTE2LjYtMzQuMi0zMC42LTQ3LjgtOTUuMy03NC41LTE5MkMxOC45IDI4Ny42LTIxIDE1OS4xIDEzLjIgODkgNDcuNCAxOC42IDE1NS45IDYuMyAyNjguMyAxLjZjMTEyLjUtNSAyMjktMi40IDI4Ni43IDY4eiI+PC9wYXRoPjwvc3ZnPg==') !important}<\/style><figure><span class=\"stk-img-wrapper stk-img--shape stk-image--shape-stretch\"><img decoding=\"async\" class=\"stk-img wp-image-571\" src=\"https:\/\/rome.style\/wp-content\/uploads\/fontaine-trevi-rome.jpg\" width=\"800\" height=\"533\" alt=\"Fontaine de Tr\u00e9vi de Rome\" srcset=\"https:\/\/rome.style\/wp-content\/uploads\/fontaine-trevi-rome.jpg 800w, https:\/\/rome.style\/wp-content\/uploads\/fontaine-trevi-rome-300x200.jpg 300w, https:\/\/rome.style\/wp-content\/uploads\/fontaine-trevi-rome-768x512.jpg 768w\" sizes=\"(max-width: 800px) 100vw, 800px\" \/><\/span><\/figure><\/div>\n<\/div><\/div><\/div>\n\n\n\n<div class=\"wp-block-stackable-column stk-block-column stk-column stk-block stk-a6ee9be\" data-v=\"4\" data-block-id=\"a6ee9be\"><div class=\"stk-column-wrapper stk-block-column__content stk-container stk-a6ee9be-container stk--no-background stk--no-padding\"><div class=\"stk-block-content stk-inner-blocks stk-a6ee9be-inner-blocks\">\n<div class=\"wp-block-stackable-text stk-block-text stk-block stk-199c9f1\" data-block-id=\"199c9f1\"><p class=\"stk-block-text__text\">Da non perdere anche la <strong>Fontana di Trevi<\/strong>, famosa per le sue leggende e per le <em>monete gettate nella fontana<\/em>. <strong>Piazza Navona<\/strong>, con le sue <strong>fontane<\/strong> e <strong>sculture<\/strong>, \u00e8 un luogo piacevole per passeggiare e godersi l&#8217;atmosfera della citt\u00e0. <strong>Villa Borghese<\/strong> \u00e8 un magnifico parco che ospita la <strong>Galleria Borghese<\/strong>, dove si possono ammirare <strong>sculture<\/strong> e opere d&#8217;arte del <strong>Rinascimento<\/strong>. Per visitare la <strong>Basilica di San Pietro<\/strong> e il <strong>Vaticano<\/strong>, si consiglia di utilizzare il <strong>roma pass<\/strong> o <strong>l&#8217;omnia Vatican<\/strong>, che consentono un <strong>accesso rapido<\/strong> ai siti e sconti sui trasporti pubblici. Le <strong>catacombe<\/strong> fuori citt\u00e0 offrono un&#8217;affascinante visita alle antiche <strong>tombe romane<\/strong>.<\/p><\/div>\n<\/div><\/div><\/div>\n<\/div><\/div>\n\n\n\n<div class=\"wp-block-stackable-text stk-block-text stk-block stk-1eb974e\" data-block-id=\"1eb974e\"><p class=\"stk-block-text__text\">Anche le <strong>chiese di Roma<\/strong>, con i loro magnifici <strong>affreschi<\/strong> e <strong>sculture<\/strong>, meritano una visita. Altre <strong>attrazioni<\/strong> popolari sono <strong>Castel Sant&#8217;Angelo<\/strong>, il Campidoglio e <strong>Piazza Venezia<\/strong>. Per sfruttare al meglio la vostra visita a Roma, \u00e8 consigliabile pianificare le visite in anticipo, tenendo conto dei <strong>giorni di maggiore affluenza<\/strong>. \u00c8 possibile effettuare pi\u00f9 <strong>visite al giorno<\/strong>, utilizzando gli <strong>autobus turistici Hop-on Hop-off<\/strong> per spostarsi rapidamente da un sito all&#8217;altro. In breve, Roma offre una <em>grande quantit\u00e0 di attrazioni<\/em> storiche, architettoniche e artistiche <strong>da esplorare<\/strong>.<\/p><\/div>\n\n\n\n<div class=\"wp-block-stackable-image stk-block-image stk-block stk-2464ab6\" data-block-id=\"2464ab6\"><style>.stk-2464ab6{border-top-left-radius:15px !important;border-top-right-radius:15px !important;border-bottom-right-radius:15px !important;border-bottom-left-radius:15px !important;overflow:hidden !important}<\/style><figure><span class=\"stk-img-wrapper stk-image--shape-stretch\"><img decoding=\"async\" class=\"stk-img wp-image-579\" src=\"https:\/\/rome.style\/wp-content\/uploads\/colisee-rome.jpg\" width=\"1200\" height=\"463\" alt=\"Colis\u00e9e Rome\" srcset=\"https:\/\/rome.style\/wp-content\/uploads\/colisee-rome.jpg 1200w, https:\/\/rome.style\/wp-content\/uploads\/colisee-rome-300x116.jpg 300w, https:\/\/rome.style\/wp-content\/uploads\/colisee-rome-768x296.jpg 768w\" sizes=\"(max-width: 1200px) 100vw, 1200px\" \/><\/span><\/figure><\/div>\n\n\n\n<div class=\"wp-block-stackable-text stk-block-text stk-block stk-efdee2c\" data-block-id=\"efdee2c\"><p class=\"stk-block-text__text\">Dal <strong>Vaticano<\/strong> e i suoi <strong>musei<\/strong> alla <strong>Roma antica<\/strong>, passando per le magnifiche piazze, <strong>fontane<\/strong> e <strong>chiese<\/strong> della citt\u00e0, ce n&#8217;\u00e8 per tutti i gusti. \u00c8 buona norma portare con s\u00e9 <strong>una mappa di Roma<\/strong> per orientarsi facilmente e prevedere tutto il tempo necessario per <strong>visitare i vari monumenti<\/strong> e <em>quartieri della citt\u00e0<\/em>. Che siate interessati alla storia, all&#8217;arte o semplicemente alla bellezza di questa <strong>citt\u00e0 eterna<\/strong>, <mark style=\"background-color:rgba(0, 0, 0, 0)\" class=\"has-inline-color has-accent-color\">Roma vi sedurr\u00e0 sicuramente<\/mark>.<\/p><\/div>\n","protected":false},"excerpt":{"rendered":"<p>Visitare Roma: i migliori consigli per la migliore vacanza a Roma Angel Roma, la citt\u00e0 eterna, \u00e8 ricca di monumenti, musei e siti storici mozzafiato. Se avete intenzione di visitare questa capitale italiana, vi consigliamo vivamente di scegliere un pass turistico per facilitare gli spostamenti e massimizzare le visite. Un pass turistico vi permetter\u00e0 di &#8230; <a title=\"Hp it\" class=\"read-more\" href=\"https:\/\/rome.style\/it\/\" aria-label=\"Per saperne di pi\u00f9 su Hp it\">Leggi tutto<\/a><\/p>\n","protected":false},"author":1,"featured_media":0,"parent":0,"menu_order":0,"comment_status":"closed","ping_status":"closed","template":"","meta":{"_seopress_robots_primary_cat":"","_seopress_titles_title":"Visitare Roma: guida e consigli di viaggio di Rome.Style","_seopress_titles_desc":"Il meglio di cosa fare a Roma, selezionato da Angel, il vostro esperto di Roma.  Rome.Style","_seopress_robots_index":"","footnotes":""},"class_list":["post-627","page","type-page","status-publish"],"_links":{"self":[{"href":"https:\/\/rome.style\/it\/wp-json\/wp\/v2\/pages\/627","targetHints":{"allow":["GET"]}}],"collection":[{"href":"https:\/\/rome.style\/it\/wp-json\/wp\/v2\/pages"}],"about":[{"href":"https:\/\/rome.style\/it\/wp-json\/wp\/v2\/types\/page"}],"author":[{"embeddable":true,"href":"https:\/\/rome.style\/it\/wp-json\/wp\/v2\/users\/1"}],"replies":[{"embeddable":true,"href":"https:\/\/rome.style\/it\/wp-json\/wp\/v2\/comments?post=627"}],"version-history":[{"count":0,"href":"https:\/\/rome.style\/it\/wp-json\/wp\/v2\/pages\/627\/revisions"}],"wp:attachment":[{"href":"https:\/\/rome.style\/it\/wp-json\/wp\/v2\/media?parent=627"}],"curies":[{"name":"wp","href":"https:\/\/api.w.org\/{rel}","templated":true}]}}