{"id":640,"date":"2023-12-07T13:37:37","date_gmt":"2023-12-07T12:37:37","guid":{"rendered":"https:\/\/rome.style\/?page_id=640"},"modified":"2023-12-31T10:34:02","modified_gmt":"2023-12-31T09:34:02","slug":"hp-pl","status":"publish","type":"page","link":"https:\/\/rome.style\/pl\/","title":{"rendered":"Hp Pl"},"content":{"rendered":"\n<div class=\"wp-block-stackable-heading stk-block-heading stk-block-heading--v2 stk-block stk-2581950\" id=\"zwiedzanie-rzymu-wskazowki-na-udany-pobyt-w-rzymie\" data-block-id=\"2581950\"><h1 class=\"stk-block-heading__text\">Zwiedzanie Rzymu: wskaz\u00f3wki na udany pobyt w Rzymie<\/h1><\/div>\n\n\n\n<div class=\"wp-block-stackable-columns stk-block-columns stk-block stk-e5d5b1b\" data-block-id=\"e5d5b1b\"><div class=\"stk-row stk-inner-blocks stk-block-content stk-content-align stk-e5d5b1b-column\">\n<div class=\"wp-block-stackable-column stk-block-column stk-column stk-block stk-b6627bb\" data-v=\"4\" data-block-id=\"b6627bb\"><style>.stk-b6627bb{align-self:center !important}@media screen and (min-width:768px){.stk-b6627bb{flex:1 1 calc(15% - var(--stk-column-gap,0px) * 1 \/ 2 ) !important}}<\/style><div class=\"stk-column-wrapper stk-block-column__content stk-container stk-b6627bb-container stk--no-background stk--no-padding\"><div class=\"stk-block-content stk-inner-blocks stk-b6627bb-inner-blocks\">\n<div class=\"wp-block-stackable-image stk-block-image stk-block stk-dd774de\" data-block-id=\"dd774de\"><style>.stk-dd774de .stk-img-wrapper{width:50% !important}.stk-dd774de .stk-img-figcaption{font-size:13px !important;font-weight:700 !important;text-align:center !important}@media screen and (max-width:1023px){.stk-dd774de .stk-img-figcaption{font-size:13px !important}}<\/style><figure><span class=\"stk-img-wrapper stk-image--shape-stretch\"><img decoding=\"async\" class=\"stk-img wp-image-324\" src=\"https:\/\/rome.style\/wp-content\/uploads\/angel.png\" width=\"80\" height=\"80\" alt=\"Angel Rome.style\"\/><\/span><figcaption class=\"stk-img-figcaption\">Angel<\/figcaption><\/figure><\/div>\n<\/div><\/div><\/div>\n\n\n\n<div class=\"wp-block-stackable-column stk-block-column stk-column stk-block stk-7cde882\" data-v=\"4\" data-block-id=\"7cde882\"><style>@media screen and (min-width:768px){.stk-7cde882{flex:1 1 calc(85% - var(--stk-column-gap,0px) * 1 \/ 2 ) !important}}<\/style><div class=\"stk-column-wrapper stk-block-column__content stk-container stk-7cde882-container stk--no-background stk--no-padding\"><div class=\"stk-block-content stk-inner-blocks stk-7cde882-inner-blocks\">\n<div class=\"wp-block-stackable-text stk-block-text stk-block stk-77738dc\" data-block-id=\"77738dc\"><p class=\"stk-block-text__text\">Rzym, <strong>wieczne miasto<\/strong>, jest pe\u0142ne <strong>zapieraj\u0105cych<\/strong> dech w <strong>piersiach<\/strong> zabytk\u00f3w, <strong>muze\u00f3w<\/strong> i historycznych miejsc. Je\u015bli planujesz odwiedzi\u0107 t\u0119 <strong>w\u0142osk\u0105 stolic\u0119<\/strong>, zdecydowanie zalecamy wybranie karnetu turystycznego, aby u\u0142atwi\u0107 poruszanie si\u0119 po mie\u015bcie i zmaksymalizowa\u0107 liczb\u0119 odwiedzin. Karnet turystyczny pozwoli ci szybko i \u0142atwo odkry\u0107 wszystkie <strong>najwa\u017cniejsze atrakcje<\/strong> miasta, <strong>unikaj\u0105c nieko\u0144cz\u0105cych si\u0119 kolejek<\/strong>.<\/p><\/div>\n<\/div><\/div><\/div>\n<\/div><\/div>\n\n\n\n<div class=\"wp-block-stackable-text stk-block-text stk-block stk-40acacb\" data-block-id=\"40acacb\"><p class=\"stk-block-text__text\">Jedn\u0105 z g\u0142\u00f3wnych zalet karnetu turystycznego jest to, \u017ce zapewnia on <strong>priorytetowy dost\u0119p<\/strong> do niekt\u00f3rych <strong>zabytk\u00f3w<\/strong> i <strong>muze\u00f3w<\/strong>. Wybieraj\u0105c karnet z <strong>ogranicznikiem kolejki<\/strong>, mo\u017cesz odwiedzi\u0107 takie miejsca jak <strong>Koloseum<\/strong>, <strong>Bazylika \u015awi\u0119tego Piotra<\/strong>, <strong>Muzea Watyka\u0144skie<\/strong> i <strong>Kaplica Syksty\u0144ska<\/strong> bez <em>konieczno\u015bci stania w kolejce godzinami<\/em>. Pozwoli to zaoszcz\u0119dzi\u0107 cenny czas i w pe\u0142ni cieszy\u0107 si\u0119 wizyt\u0105. Kolejn\u0105 wa\u017cn\u0105 zalet\u0105 karnetu turystycznego jest to, \u017ce pozwala on na <strong>wycieczki z przewodnikiem<\/strong>.<\/p><\/div>\n\n\n\n<div class=\"wp-block-stackable-columns stk-block-columns stk-block stk-5a3f8a6\" data-block-id=\"5a3f8a6\"><div class=\"stk-row stk-inner-blocks stk-block-content stk-content-align stk-5a3f8a6-column\">\n<div class=\"wp-block-stackable-column stk-block-column stk-column stk-block stk-9757e64\" data-v=\"4\" data-block-id=\"9757e64\"><style>.stk-9757e64{align-self:flex-end !important}<\/style><div class=\"stk-column-wrapper stk-block-column__content stk-container stk-9757e64-container stk--no-background stk--no-padding\"><div class=\"stk-block-content stk-inner-blocks stk-9757e64-inner-blocks\">\n<div class=\"wp-block-stackable-call-to-action stk-block-call-to-action stk-block stk-24556c3 is-style-default\" data-v=\"2\" data-block-id=\"24556c3\"><div class=\"stk-block-call-to-action__content stk-content-align stk-24556c3-column stk-container stk-24556c3-container stk-hover-parent\"><div class=\"has-text-align-center stk-block-content stk-inner-blocks stk-24556c3-inner-blocks\">\n<div class=\"wp-block-stackable-heading stk-block-heading stk-block-heading--v2 stk-block stk-141e1b9\" id=\"przewodnik-porownawczy-karnetow-turystycznych-w-rzymie\" data-block-id=\"141e1b9\"><h2 class=\"stk-block-heading__text\">Przewodnik por\u00f3wnawczy karnet\u00f3w turystycznych w Rzymie<\/h2><\/div>\n\n\n\n<div class=\"wp-block-stackable-text stk-block-text stk-block stk-75aa73d\" data-block-id=\"75aa73d\"><style>.stk-75aa73d .stk-block-text__text{font-size:14px !important}@media screen and (max-width:1023px){.stk-75aa73d .stk-block-text__text{font-size:14px !important}}<\/style><p class=\"stk-block-text__text\">W tym kompleksowym przewodniku znajdziesz wszystkie dost\u0119pne opcje karnet\u00f3w, dzi\u0119ki czemu nie musisz szuka\u0107 informacji na kilku stronach internetowych. B\u0119dziesz w stanie zidentyfikowa\u0107 przepustk\u0119 <strong>najlepiej dopasowan\u0105 do Twoich wymaga\u0144 dotycz\u0105cych podr\u00f3\u017cy<\/strong>. Informacje s\u0105 aktualizowane co tydzie\u0144, co znacznie u\u0142atwia planowanie podr\u00f3\u017cy.<\/p><\/div>\n\n\n\n<div class=\"wp-block-stackable-button-group stk-block-button-group stk-block stk-e85269c\" data-block-id=\"e85269c\"><div class=\"stk-row stk-inner-blocks stk-block-content stk-button-group\">\n<div class=\"wp-block-stackable-button stk-block-button stk-block stk-d6f3f62\" data-block-id=\"d6f3f62\"><style>.stk-d6f3f62{border-top-left-radius:5px !important;border-top-right-radius:5px !important;border-bottom-right-radius:5px !important;border-bottom-left-radius:5px !important;overflow:hidden !important;box-shadow:none !important;flex:1 1 0 !important}.stk-d6f3f62,.stk-d6f3f62 .stk-button{width:100% !important}.stk-d6f3f62 .stk-button{background:var(--accent) !important}.stk-d6f3f62 .stk-button:before{box-shadow:0 5px 30px -10px rgba(18,63,82,0.3) !important}.stk-d6f3f62 .stk-button__inner-text{font-size:16px !important}@media screen and (max-width:1023px){.stk-d6f3f62 .stk-button__inner-text{font-size:16px !important}}<\/style><a class=\"stk-link stk-button stk--hover-effect-darken\" href=\"https:\/\/rome.style\/pl\/tani-rzym\/\"><span class=\"stk-button__inner-text\">Przewodnik por\u00f3wnawczy karnet\u00f3w<\/span><\/a><\/div>\n<\/div><\/div>\n<\/div><\/div><\/div>\n<\/div><\/div><\/div>\n\n\n\n<div class=\"wp-block-stackable-column stk-block-column stk-column stk-block stk-62f245d\" data-v=\"4\" data-block-id=\"62f245d\"><style>.stk-62f245d{align-self:flex-end !important}<\/style><div class=\"stk-column-wrapper stk-block-column__content stk-container stk-62f245d-container stk--no-background stk--no-padding\"><div class=\"stk-block-content stk-inner-blocks stk-62f245d-inner-blocks\">\n<div class=\"wp-block-stackable-image aligncenter stk-block-image has-text-align-center stk-block stk-8b6b0fd\" data-block-id=\"8b6b0fd\"><style>.stk-8b6b0fd .stk-img-wrapper img,.stk-8b6b0fd .stk-img-wrapper::after,.stk-8b6b0fd .stk-img-wrapper::before{mask-image:url('data:image\/svg+xml;base64,PHN2ZyB4bWxucz0iaHR0cDovL3d3dy53My5vcmcvMjAwMC9zdmciIHZpZXdCb3g9IjAgMCA2MDAgNjAwIiBwcmVzZXJ2ZUFzcGVjdFJhdGlvPSJub25lIj48cGF0aCBkPSJNNDE0LjEgNzcuMmM3My4xIDQxLjcgMTM2IDg3LjkgMTY1IDE0Mi45IDI4LjcgNTUuMiAyMy4zIDExOS41IDEwLjIgMTkyLjktMTMuMSA3My4zLTMzLjkgMTU1LjgtMTA0LjEgMTc5LjItNzAuNCAyMy42LTE5MC4zLTExLjYtMjg3LTMzLjctOTYuNi0yMi4yLTE3MC0zMS4zLTE4Ni4xLTY2LjktMTYuMS0zNS43IDI1LTk4LjEgNDYuOC0xMzYuNCAyMS44LTM4LjEgMjQtNTIgLjctOTMtMjMtNDAuOS03MS45LTEwOC45LTU3LTE2My42QzE3LjYgNDMuNyA5Ni40IDIuMSAxNzcuMi4xIDI1OC0yIDM0MSAzNS41IDQxNC4xIDc3LjJ6Ij48L3BhdGg+PC9zdmc+') !important;-webkit-mask-image:url('data:image\/svg+xml;base64,PHN2ZyB4bWxucz0iaHR0cDovL3d3dy53My5vcmcvMjAwMC9zdmciIHZpZXdCb3g9IjAgMCA2MDAgNjAwIiBwcmVzZXJ2ZUFzcGVjdFJhdGlvPSJub25lIj48cGF0aCBkPSJNNDE0LjEgNzcuMmM3My4xIDQxLjcgMTM2IDg3LjkgMTY1IDE0Mi45IDI4LjcgNTUuMiAyMy4zIDExOS41IDEwLjIgMTkyLjktMTMuMSA3My4zLTMzLjkgMTU1LjgtMTA0LjEgMTc5LjItNzAuNCAyMy42LTE5MC4zLTExLjYtMjg3LTMzLjctOTYuNi0yMi4yLTE3MC0zMS4zLTE4Ni4xLTY2LjktMTYuMS0zNS43IDI1LTk4LjEgNDYuOC0xMzYuNCAyMS44LTM4LjEgMjQtNTIgLjctOTMtMjMtNDAuOS03MS45LTEwOC45LTU3LTE2My42QzE3LjYgNDMuNyA5Ni40IDIuMSAxNzcuMi4xIDI1OC0yIDM0MSAzNS41IDQxNC4xIDc3LjJ6Ij48L3BhdGg+PC9zdmc+') !important}.stk-8b6b0fd .stk-img-figcaption{text-align:center !important}<\/style><figure><span class=\"stk-img-wrapper stk-img--shape stk-image--shape-stretch\"><img decoding=\"async\" class=\"stk-img wp-image-546\" src=\"https:\/\/rome.style\/wp-content\/uploads\/visiter-rome-1.jpg\" width=\"800\" height=\"533\" alt=\"Visiter Rome\" srcset=\"https:\/\/rome.style\/wp-content\/uploads\/visiter-rome-1.jpg 800w, https:\/\/rome.style\/wp-content\/uploads\/visiter-rome-1-300x200.jpg 300w, https:\/\/rome.style\/wp-content\/uploads\/visiter-rome-1-768x512.jpg 768w\" sizes=\"(max-width: 800px) 100vw, 800px\" \/><\/span><\/figure><\/div>\n<\/div><\/div><\/div>\n<\/div><\/div>\n\n\n\n<div class=\"wp-block-stackable-text stk-block-text stk-block stk-3916762\" data-block-id=\"3916762\"><p class=\"stk-block-text__text\">Wycieczki te s\u0105 idealne do dog\u0142\u0119bnego odkrywania historii i kultury Rzymu. Niezale\u017cnie od tego, czy <strong>odwiedzasz Watykan<\/strong>, czy zwiedzasz <strong>zabytki Rzymu<\/strong>, <strong>wycieczka z przewodnikiem<\/strong> dostarczy Ci jasnych i interesuj\u0105cych informacji z pomoc\u0105 profesjonalnego przewodnika. Wybieraj\u0105c bilet turystyczny, skorzystasz r\u00f3wnie\u017c z <strong>nieograniczonego dost\u0119pu<\/strong> do <strong>transportu publicznego<\/strong> w mie\u015bcie. B\u0119dziesz m\u00f3g\u0142 \u0142atwo przemieszcza\u0107 si\u0119 od jednego zabytku do drugiego, korzystaj\u0105c z <strong>autobus\u00f3w turystycznych hop-on hop-off<\/strong> i specjalnych autobus\u00f3w wahad\u0142owych. Oznacza to, \u017ce mo\u017cesz szybko i \u0142atwo odkrywa\u0107 r\u00f3\u017cne obszary miasta, <strong>od historycznego centrum<\/strong> po <strong>Villa Borghese<\/strong> lub <strong>Monte Palatin<\/strong>o.<\/p><\/div>\n\n\n\n<div class=\"wp-block-stackable-columns stk-block-columns stk-block stk-f3dbe1f\" data-block-id=\"f3dbe1f\"><div class=\"stk-row stk-inner-blocks stk-block-content stk-content-align stk-f3dbe1f-column\">\n<div class=\"wp-block-stackable-column stk-block-column stk-column stk-block stk-8cda181\" data-v=\"4\" data-block-id=\"8cda181\"><style>.stk-8cda181{align-self:center !important}<\/style><div class=\"stk-column-wrapper stk-block-column__content stk-container stk-8cda181-container stk--no-background stk--no-padding\"><div class=\"stk-block-content stk-inner-blocks stk-8cda181-inner-blocks\">\n<div class=\"wp-block-stackable-image stk-block-image stk-block stk-f56ec6d\" data-block-id=\"f56ec6d\"><style>.stk-f56ec6d{border-top-left-radius:15px !important;border-top-right-radius:15px !important;border-bottom-right-radius:15px !important;border-bottom-left-radius:15px !important;overflow:hidden !important}<\/style><figure><span class=\"stk-img-wrapper stk-image--shape-stretch\"><img decoding=\"async\" class=\"stk-img wp-image-553\" src=\"https:\/\/rome.style\/wp-content\/uploads\/forum-romain-rome.jpg\" width=\"800\" height=\"533\" alt=\"Forum Romain - Rome\" srcset=\"https:\/\/rome.style\/wp-content\/uploads\/forum-romain-rome.jpg 800w, https:\/\/rome.style\/wp-content\/uploads\/forum-romain-rome-300x200.jpg 300w, https:\/\/rome.style\/wp-content\/uploads\/forum-romain-rome-768x512.jpg 768w\" sizes=\"(max-width: 800px) 100vw, 800px\" \/><\/span><\/figure><\/div>\n<\/div><\/div><\/div>\n\n\n\n<div class=\"wp-block-stackable-column stk-block-column stk-column stk-block stk-d1c0d35\" data-v=\"4\" data-block-id=\"d1c0d35\"><div class=\"stk-column-wrapper stk-block-column__content stk-container stk-d1c0d35-container stk--no-background stk--no-padding\"><div class=\"stk-block-content stk-inner-blocks stk-d1c0d35-inner-blocks\">\n<div class=\"wp-block-stackable-text stk-block-text stk-block stk-deaef81\" data-block-id=\"deaef81\"><p class=\"stk-block-text__text\">Karnet turystyczny zapewnia r\u00f3wnie\u017c <strong>atrakcyjne zni\u017cki<\/strong> na zwiedzanie i atrakcje. Niezale\u017cnie od tego, czy chcesz odwiedzi\u0107 <strong>Museo Nazionale Romano<\/strong>, <strong>katakumby<\/strong>, <strong>staro\u017cytne \u0142a\u017anie<\/strong> czy <strong>Galleria Borghese<\/strong>, karnet turystyczny pozwoli ci skorzysta\u0107 z obni\u017conych stawek za wst\u0119p do tych r\u00f3\u017cnych miejsc. Pozwoli ci to odkry\u0107 jeszcze wi\u0119cej interesuj\u0105cych miejsc i wzbogaci\u0107 swoje <strong>rzymskie do\u015bwiadczenie<\/strong>. Wreszcie, wyb\u00f3r karnetu turystycznego pozwoli ci zaplanowa\u0107 wizyt\u0119 i maksymalnie wykorzysta\u0107 czas. Dzi\u0119ki karnetowi mo\u017cesz z wyprzedzeniem wybra\u0107 miejsca, kt\u00f3re chcesz odwiedzi\u0107, zarezerwowa\u0107 dogodne dla siebie przedzia\u0142y czasowe i <strong>unikn\u0105\u0107 wielogodzinnych kolejek przy wej\u015bciu<\/strong>. W ten spos\u00f3b mo\u017cesz zaplanowa\u0107 sw\u00f3j pobyt zgodnie z zainteresowaniami i cieszy\u0107 si\u0119 <strong>szybkim<\/strong>, efektywnym zwiedzaniem miasta.<\/p><\/div>\n<\/div><\/div><\/div>\n<\/div><\/div>\n\n\n\n<div class=\"wp-block-stackable-text stk-block-text stk-block stk-4d3a702\" data-block-id=\"4d3a702\"><p class=\"stk-block-text__text\">Kr\u00f3tko m\u00f3wi\u0105c, istnieje wiele korzy\u015bci z <strong>odwiedzenia Rzymu<\/strong> i wybrania karty turystycznej. Pozwoli ci ona szybko i \u0142atwo odkry\u0107 <strong>g\u0142\u00f3wne atrakcje<\/strong> miasta, unikn\u0105\u0107 irytuj\u0105cych kolejek, cieszy\u0107 si\u0119 <strong>priorytetowym dost\u0119pem<\/strong>, <strong>wycieczkami z przewodnikiem<\/strong>, zni\u017ckami i nieograniczonym dost\u0119pem do <strong>transportu publicznego<\/strong>.<\/p><\/div>\n\n\n\n<div class=\"wp-block-stackable-image stk-block-image stk-block stk-687c11e\" data-block-id=\"687c11e\"><style>.stk-687c11e{border-top-left-radius:15px !important;border-top-right-radius:15px !important;border-bottom-right-radius:15px !important;border-bottom-left-radius:15px !important;overflow:hidden !important}<\/style><figure><span class=\"stk-img-wrapper stk-image--shape-stretch\"><img decoding=\"async\" class=\"stk-img wp-image-562\" src=\"https:\/\/rome.style\/wp-content\/uploads\/basilique-saint-pierre-rome.jpg\" width=\"800\" height=\"309\" alt=\"Basilique Saint Pierre de Rome avec pont\" srcset=\"https:\/\/rome.style\/wp-content\/uploads\/basilique-saint-pierre-rome.jpg 800w, https:\/\/rome.style\/wp-content\/uploads\/basilique-saint-pierre-rome-300x116.jpg 300w, https:\/\/rome.style\/wp-content\/uploads\/basilique-saint-pierre-rome-768x297.jpg 768w\" sizes=\"(max-width: 800px) 100vw, 800px\" \/><\/span><\/figure><\/div>\n\n\n\n<div class=\"wp-block-stackable-text stk-block-text stk-block stk-3e4f5b4\" data-block-id=\"3e4f5b4\"><p class=\"stk-block-text__text\">Rzym, <strong>stolica W\u0142och i wieczne miasto<\/strong>, jest pe\u0142en zabytk\u00f3w i <strong>atrakcji<\/strong> do odwiedzenia. Nie mo\u017cna pomin\u0105\u0107 <strong>Watykanu<\/strong>, <strong>Bazyliki \u015awi\u0119tego Piotra<\/strong> i <strong>Kaplicy Syksty\u0144skiej<\/strong>. W <strong>Muzeach Watyka\u0144skich<\/strong> znajduje si\u0119 <strong>kolekcja skarb\u00f3w artystycznych<\/strong> i historycznych, w tym s\u0142ynne freski <strong>Micha\u0142a Anio\u0142a<\/strong>. Aby unikn\u0105\u0107 kolejek, warto <strong>zarezerwowa\u0107 wycieczk\u0119<\/strong> z przewodnikiem lub <strong>bilet all inclusive<\/strong>.<\/p><\/div>\n\n\n\n<div class=\"wp-block-stackable-text stk-block-text stk-block stk-176b436\" data-block-id=\"176b436\"><p class=\"stk-block-text__text\"><strong>Koloseum<\/strong>, symbol <strong>staro\u017cytnego Rzymu<\/strong>, to kolejne miejsce, kt\u00f3rego nie mo\u017cna przegapi\u0107. Mo\u017cesz tak\u017ce odwiedzi\u0107 <strong>Palatyn<\/strong>, gdzie znajduj\u0105 si\u0119 pozosta\u0142o\u015bci <strong>rzymskich pa\u0142ac\u00f3w cesarskich<\/strong>. Pobliskie <strong>Forum Romanum<\/strong> to \u015bwietne miejsce do <strong>zwiedzania ruin<\/strong> staro\u017cytnych budynk\u00f3w i zanurzenia si\u0119 w historii miasta. W <strong>historycznym centrum Rzymu<\/strong> znajduje si\u0119 wiele innych zabytk\u00f3w i miejsc do odwiedzenia. <strong>Panteon<\/strong>, ze swoj\u0105 imponuj\u0105c\u0105 architektur\u0105, jest punktem obowi\u0105zkowym.<\/p><\/div>\n\n\n\n<div class=\"wp-block-stackable-columns stk-block-columns stk-block stk-3f3b9f7\" data-block-id=\"3f3b9f7\"><div class=\"stk-row stk-inner-blocks stk-block-content stk-content-align stk-3f3b9f7-column\">\n<div class=\"wp-block-stackable-column stk-block-column stk-column stk-block stk-56195f8\" data-v=\"4\" data-block-id=\"56195f8\"><div class=\"stk-column-wrapper stk-block-column__content stk-container stk-56195f8-container stk--no-background stk--no-padding\"><div class=\"stk-block-content stk-inner-blocks stk-56195f8-inner-blocks\">\n<div class=\"wp-block-stackable-image stk-block-image stk-block stk-6ae2f56\" data-block-id=\"6ae2f56\"><style>.stk-6ae2f56 .stk-img-wrapper img,.stk-6ae2f56 .stk-img-wrapper::after,.stk-6ae2f56 .stk-img-wrapper::before{mask-image:url('data:image\/svg+xml;base64,PHN2ZyB4bWxucz0iaHR0cDovL3d3dy53My5vcmcvMjAwMC9zdmciIHZpZXdCb3g9IjAgMCA2MDAgNjAwIiBwcmVzZXJ2ZUFzcGVjdFJhdGlvPSJub25lIj48cGF0aCBkPSJNNTU1IDY5LjZjNTcuNiA3MC40IDU2LjIgMjA4LjMgMTYuOSAyOTkuOC0zOS4zIDkxLjYtMTE2LjIgMTM2LjgtMTczLjggMTY3LjItNTcuNCAzMC42LTk1LjYgNDYuMy0xNDIuMiA1Ni4yLTQ2LjUgOS45LTEwMS4zIDE0LTEzNS42LTE2LjYtMzQuMi0zMC42LTQ3LjgtOTUuMy03NC41LTE5MkMxOC45IDI4Ny42LTIxIDE1OS4xIDEzLjIgODkgNDcuNCAxOC42IDE1NS45IDYuMyAyNjguMyAxLjZjMTEyLjUtNSAyMjktMi40IDI4Ni43IDY4eiI+PC9wYXRoPjwvc3ZnPg==') !important;-webkit-mask-image:url('data:image\/svg+xml;base64,PHN2ZyB4bWxucz0iaHR0cDovL3d3dy53My5vcmcvMjAwMC9zdmciIHZpZXdCb3g9IjAgMCA2MDAgNjAwIiBwcmVzZXJ2ZUFzcGVjdFJhdGlvPSJub25lIj48cGF0aCBkPSJNNTU1IDY5LjZjNTcuNiA3MC40IDU2LjIgMjA4LjMgMTYuOSAyOTkuOC0zOS4zIDkxLjYtMTE2LjIgMTM2LjgtMTczLjggMTY3LjItNTcuNCAzMC42LTk1LjYgNDYuMy0xNDIuMiA1Ni4yLTQ2LjUgOS45LTEwMS4zIDE0LTEzNS42LTE2LjYtMzQuMi0zMC42LTQ3LjgtOTUuMy03NC41LTE5MkMxOC45IDI4Ny42LTIxIDE1OS4xIDEzLjIgODkgNDcuNCAxOC42IDE1NS45IDYuMyAyNjguMyAxLjZjMTEyLjUtNSAyMjktMi40IDI4Ni43IDY4eiI+PC9wYXRoPjwvc3ZnPg==') !important}<\/style><figure><span class=\"stk-img-wrapper stk-img--shape stk-image--shape-stretch\"><img decoding=\"async\" class=\"stk-img wp-image-571\" src=\"https:\/\/rome.style\/wp-content\/uploads\/fontaine-trevi-rome.jpg\" width=\"800\" height=\"533\" alt=\"Fontaine de Tr\u00e9vi de Rome\" srcset=\"https:\/\/rome.style\/wp-content\/uploads\/fontaine-trevi-rome.jpg 800w, https:\/\/rome.style\/wp-content\/uploads\/fontaine-trevi-rome-300x200.jpg 300w, https:\/\/rome.style\/wp-content\/uploads\/fontaine-trevi-rome-768x512.jpg 768w\" sizes=\"(max-width: 800px) 100vw, 800px\" \/><\/span><\/figure><\/div>\n<\/div><\/div><\/div>\n\n\n\n<div class=\"wp-block-stackable-column stk-block-column stk-column stk-block stk-a6ee9be\" data-v=\"4\" data-block-id=\"a6ee9be\"><div class=\"stk-column-wrapper stk-block-column__content stk-container stk-a6ee9be-container stk--no-background stk--no-padding\"><div class=\"stk-block-content stk-inner-blocks stk-a6ee9be-inner-blocks\">\n<div class=\"wp-block-stackable-text stk-block-text stk-block stk-199c9f1\" data-block-id=\"199c9f1\"><p class=\"stk-block-text__text\"><strong>Fontanna di Trevi<\/strong>, s\u0142yn\u0105ca z legend i <strong>monet wrzucanych<\/strong> do fontanny, jest r\u00f3wnie\u017c obowi\u0105zkowym punktem zwiedzania. <strong>Piazza Navona<\/strong> z <strong>fontannami<\/strong> i rze\u017abami to przyjemne miejsce na spacer i podziwianie atmosfery miasta. <strong>Villa<\/strong> Borghese to wspania\u0142y park, w kt\u00f3rym znajduje si\u0119 <strong>Galleria Borghese<\/strong>, gdzie mo\u017cna podziwia\u0107 rze\u017aby i dzie\u0142a <strong>sztuki<\/strong> z okresu <strong>renesansu<\/strong>. Aby zwiedzi\u0107 <strong>Bazylik\u0119 \u015awi\u0119tego Piotra<\/strong> i <strong>Watykan<\/strong>, zalecamy skorzystanie z <strong>roma pass<\/strong> lub <strong>omnia Vatican<\/strong>, kt\u00f3re zapewniaj\u0105 szybki dost\u0119p do miejsc i zni\u017cki na <strong>transport publiczny<\/strong>. <strong>Katakumby<\/strong> poza miastem oferuj\u0105 fascynuj\u0105c\u0105 wycieczk\u0119 po <strong>staro\u017cytnych rzymskich grobowcach<\/strong>.<\/p><\/div>\n<\/div><\/div><\/div>\n<\/div><\/div>\n\n\n\n<div class=\"wp-block-stackable-text stk-block-text stk-block stk-1eb974e\" data-block-id=\"1eb974e\"><p class=\"stk-block-text__text\">Warto <strong>r\u00f3wnie\u017c odwiedzi\u0107 rzymskie<\/strong> ko\u015bcio\u0142y ze wspania\u0142ymi <strong>freskami<\/strong> i <strong>rze\u017abami<\/strong>. Inne popularne atrakcje to <strong>Castel Sant&#8217;Angelo<\/strong>, <strong>Kapitol<\/strong> i <strong>Piazza Venezia<\/strong>. Aby jak najlepiej wykorzysta\u0107 wizyt\u0119 w Rzymie, zalecamy planowanie wizyt z wyprzedzeniem, bior\u0105c pod uwag\u0119 ruchliwe dni. Mo\u017cliwe jest odbycie kilku wizyt dziennie, korzystaj\u0105c z <strong>autobus\u00f3w turystycznych Hop-on Hop-off<\/strong>, aby szybko przemieszcza\u0107 si\u0119 z jednego miejsca do drugiego. Kr\u00f3tko m\u00f3wi\u0105c, Rzym oferuje bogactwo historycznych, architektonicznych i artystycznych atrakcji do odkrycia.<\/p><\/div>\n\n\n\n<div class=\"wp-block-stackable-image stk-block-image stk-block stk-2464ab6\" data-block-id=\"2464ab6\"><style>.stk-2464ab6{border-top-left-radius:15px !important;border-top-right-radius:15px !important;border-bottom-right-radius:15px !important;border-bottom-left-radius:15px !important;overflow:hidden !important}<\/style><figure><span class=\"stk-img-wrapper stk-image--shape-stretch\"><img decoding=\"async\" class=\"stk-img wp-image-579\" src=\"https:\/\/rome.style\/wp-content\/uploads\/colisee-rome.jpg\" width=\"1200\" height=\"463\" alt=\"Colis\u00e9e Rome\" srcset=\"https:\/\/rome.style\/wp-content\/uploads\/colisee-rome.jpg 1200w, https:\/\/rome.style\/wp-content\/uploads\/colisee-rome-300x116.jpg 300w, https:\/\/rome.style\/wp-content\/uploads\/colisee-rome-768x296.jpg 768w\" sizes=\"(max-width: 1200px) 100vw, 1200px\" \/><\/span><\/figure><\/div>\n\n\n\n<div class=\"wp-block-stackable-text stk-block-text stk-block stk-efdee2c\" data-block-id=\"efdee2c\"><p class=\"stk-block-text__text\">Od <strong>Watykanu<\/strong> i jego <strong>muze\u00f3w<\/strong> po <strong>staro\u017cytny Rzym<\/strong> i wspania\u0142e place, <strong>fontanny<\/strong> i <strong>ko\u015bcio\u0142y<\/strong>, ka\u017cdy znajdzie co\u015b dla siebie. Dobrym pomys\u0142em jest zabranie ze sob\u0105 <strong>mapy Rzymu<\/strong>, aby u\u0142atwi\u0107 sobie poruszanie si\u0119 po mie\u015bcie i przeznaczy\u0107 du\u017co czasu na <strong>zwiedzanie r\u00f3\u017cnych zabytk\u00f3w<\/strong> i <strong>dzielnic Rzymu<\/strong>. Niezale\u017cnie od tego, czy interesuje Ci\u0119 historia, sztuka, czy po prostu pi\u0119kno tego <strong>wiecznego miasta<\/strong>, <mark style=\"background-color:rgba(0, 0, 0, 0)\" class=\"has-inline-color has-accent-color\">Rzym z pewno\u015bci\u0105 Ci\u0119 uwiedzie<\/mark>.<\/p><\/div>\n","protected":false},"excerpt":{"rendered":"<p>Zwiedzanie Rzymu: wskaz\u00f3wki na udany pobyt w Rzymie Angel Rzym, wieczne miasto, jest pe\u0142ne zapieraj\u0105cych dech w piersiach zabytk\u00f3w, muze\u00f3w i historycznych miejsc. Je\u015bli planujesz odwiedzi\u0107 t\u0119 w\u0142osk\u0105 stolic\u0119, zdecydowanie zalecamy wybranie karnetu turystycznego, aby u\u0142atwi\u0107 poruszanie si\u0119 po mie\u015bcie i zmaksymalizowa\u0107 liczb\u0119 odwiedzin. Karnet turystyczny pozwoli ci szybko i \u0142atwo odkry\u0107 wszystkie najwa\u017cniejsze atrakcje &#8230; <a title=\"Hp Pl\" class=\"read-more\" href=\"https:\/\/rome.style\/pl\/\" aria-label=\"Dowiedz si\u0119 wi\u0119cej o Hp Pl\">Czytaj dalej<\/a><\/p>\n","protected":false},"author":1,"featured_media":0,"parent":0,"menu_order":0,"comment_status":"closed","ping_status":"closed","template":"","meta":{"_seopress_robots_primary_cat":"","_seopress_titles_title":"Zwiedzanie Rzymu: przewodnik turystyczny i porady Rome.Style","_seopress_titles_desc":"Najlepsze rzeczy do zrobienia w Rzymie, wybrane przez Angel, Twojego eksperta od Rzymu.  Rome.Style","_seopress_robots_index":"","footnotes":""},"class_list":["post-640","page","type-page","status-publish"],"_links":{"self":[{"href":"https:\/\/rome.style\/pl\/wp-json\/wp\/v2\/pages\/640","targetHints":{"allow":["GET"]}}],"collection":[{"href":"https:\/\/rome.style\/pl\/wp-json\/wp\/v2\/pages"}],"about":[{"href":"https:\/\/rome.style\/pl\/wp-json\/wp\/v2\/types\/page"}],"author":[{"embeddable":true,"href":"https:\/\/rome.style\/pl\/wp-json\/wp\/v2\/users\/1"}],"replies":[{"embeddable":true,"href":"https:\/\/rome.style\/pl\/wp-json\/wp\/v2\/comments?post=640"}],"version-history":[{"count":0,"href":"https:\/\/rome.style\/pl\/wp-json\/wp\/v2\/pages\/640\/revisions"}],"wp:attachment":[{"href":"https:\/\/rome.style\/pl\/wp-json\/wp\/v2\/media?parent=640"}],"curies":[{"name":"wp","href":"https:\/\/api.w.org\/{rel}","templated":true}]}}