{"id":644,"date":"2023-12-07T13:37:37","date_gmt":"2023-12-07T12:37:37","guid":{"rendered":"https:\/\/rome.style\/?page_id=644"},"modified":"2023-12-31T09:30:50","modified_gmt":"2023-12-31T08:30:50","slug":"hp-po","status":"publish","type":"page","link":"https:\/\/rome.style\/pt-pt\/","title":{"rendered":"Hp Po"},"content":{"rendered":"\n<div class=\"wp-block-stackable-heading stk-block-heading stk-block-heading--v2 stk-block stk-2581950\" id=\"visitar-roma-conselhos-para-uma-estadia-bem-sucedida-em-roma\" data-block-id=\"2581950\"><h1 class=\"stk-block-heading__text\">Visitar Roma: conselhos para uma estadia bem sucedida em Roma<\/h1><\/div>\n\n\n\n<div class=\"wp-block-stackable-columns stk-block-columns stk-block stk-e5d5b1b\" data-block-id=\"e5d5b1b\"><div class=\"stk-row stk-inner-blocks stk-block-content stk-content-align stk-e5d5b1b-column\">\n<div class=\"wp-block-stackable-column stk-block-column stk-column stk-block stk-b6627bb\" data-v=\"4\" data-block-id=\"b6627bb\"><style>.stk-b6627bb{align-self:center !important}@media screen and (min-width:768px){.stk-b6627bb{flex:1 1 calc(15% - var(--stk-column-gap,0px) * 1 \/ 2 ) !important}}<\/style><div class=\"stk-column-wrapper stk-block-column__content stk-container stk-b6627bb-container stk--no-background stk--no-padding\"><div class=\"stk-block-content stk-inner-blocks stk-b6627bb-inner-blocks\">\n<div class=\"wp-block-stackable-image stk-block-image stk-block stk-dd774de\" data-block-id=\"dd774de\"><style>.stk-dd774de .stk-img-wrapper{width:50% !important}.stk-dd774de .stk-img-figcaption{font-size:13px !important;font-weight:700 !important;text-align:center !important}@media screen and (max-width:1023px){.stk-dd774de .stk-img-figcaption{font-size:13px !important}}<\/style><figure><span class=\"stk-img-wrapper stk-image--shape-stretch\"><img decoding=\"async\" class=\"stk-img wp-image-324\" src=\"https:\/\/rome.style\/wp-content\/uploads\/angel.png\" width=\"80\" height=\"80\" alt=\"Angel Rome.style\"\/><\/span><figcaption class=\"stk-img-figcaption\">Angel<\/figcaption><\/figure><\/div>\n<\/div><\/div><\/div>\n\n\n\n<div class=\"wp-block-stackable-column stk-block-column stk-column stk-block stk-7cde882\" data-v=\"4\" data-block-id=\"7cde882\"><style>@media screen and (min-width:768px){.stk-7cde882{flex:1 1 calc(85% - var(--stk-column-gap,0px) * 1 \/ 2 ) !important}}<\/style><div class=\"stk-column-wrapper stk-block-column__content stk-container stk-7cde882-container stk--no-background stk--no-padding\"><div class=\"stk-block-content stk-inner-blocks stk-7cde882-inner-blocks\">\n<div class=\"wp-block-stackable-text stk-block-text stk-block stk-77738dc\" data-block-id=\"77738dc\"><p class=\"stk-block-text__text\">Roma, a <strong>cidade eterna<\/strong>, est\u00e1 repleta de <strong>monumentos<\/strong>, <strong>museus<\/strong> e s\u00edtios hist\u00f3ricos de cortar a respira\u00e7\u00e3o. Se est\u00e1 a planear visitar esta <strong>capital italiana<\/strong>, recomendamos vivamente que escolha um passe tur\u00edstico para facilitar a sua desloca\u00e7\u00e3o e maximizar as suas visitas. Um passe tur\u00edstico permitir-lhe-\u00e1 descobrir todas as <strong>atrac\u00e7\u00f5es obrigat\u00f3rias<\/strong> da cidade de forma r\u00e1pida e f\u00e1cil, <strong>evitando filas intermin\u00e1veis<\/strong>.<\/p><\/div>\n<\/div><\/div><\/div>\n<\/div><\/div>\n\n\n\n<div class=\"wp-block-stackable-text stk-block-text stk-block stk-40acacb\" data-block-id=\"40acacb\"><p class=\"stk-block-text__text\">Uma das principais vantagens de um passe tur\u00edstico \u00e9 o facto de lhe dar <strong>acesso priorit\u00e1rio<\/strong> a certos <strong>monumentos<\/strong> e <strong>museus<\/strong>. Escolhendo um passe <strong>sem filas<\/strong>, pode visitar locais como o <strong>Coliseu<\/strong>, a <strong>Bas\u00edlica de S\u00e3o Pedro<\/strong>, os <strong>Museus do Vaticano<\/strong> e a <strong>Capela Sistina<\/strong> <em>sem ter de fazer horas de fila<\/em>. Isto permitir-lhe-\u00e1 poupar tempo precioso e aproveitar ao m\u00e1ximo a sua visita. Outra grande vantagem de um passe tur\u00edstico \u00e9 o facto de lhe permitir fazer <strong>visitas guiadas<\/strong>.<\/p><\/div>\n\n\n\n<div class=\"wp-block-stackable-columns stk-block-columns stk-block stk-5a3f8a6\" data-block-id=\"5a3f8a6\"><div class=\"stk-row stk-inner-blocks stk-block-content stk-content-align stk-5a3f8a6-column\">\n<div class=\"wp-block-stackable-column stk-block-column stk-column stk-block stk-9757e64\" data-v=\"4\" data-block-id=\"9757e64\"><style>.stk-9757e64{align-self:flex-end !important}<\/style><div class=\"stk-column-wrapper stk-block-column__content stk-container stk-9757e64-container stk--no-background stk--no-padding\"><div class=\"stk-block-content stk-inner-blocks stk-9757e64-inner-blocks\">\n<div class=\"wp-block-stackable-call-to-action stk-block-call-to-action stk-block stk-24556c3 is-style-default\" data-v=\"2\" data-block-id=\"24556c3\"><div class=\"stk-block-call-to-action__content stk-content-align stk-24556c3-column stk-container stk-24556c3-container stk-hover-parent\"><div class=\"has-text-align-center stk-block-content stk-inner-blocks stk-24556c3-inner-blocks\">\n<div class=\"wp-block-stackable-heading stk-block-heading stk-block-heading--v2 stk-block stk-141e1b9\" id=\"guia-de-comparacao-dos-passes-turisticos-de-roma\" data-block-id=\"141e1b9\"><h2 class=\"stk-block-heading__text\">Guia de compara\u00e7\u00e3o dos passes tur\u00edsticos de Roma<\/h2><\/div>\n\n\n\n<div class=\"wp-block-stackable-text stk-block-text stk-block stk-75aa73d\" data-block-id=\"75aa73d\"><style>.stk-75aa73d .stk-block-text__text{font-size:14px !important}@media screen and (max-width:1023px){.stk-75aa73d .stk-block-text__text{font-size:14px !important}}<\/style><p class=\"stk-block-text__text\">Neste guia completo, encontrar\u00e1 todas as op\u00e7\u00f5es de passes dispon\u00edveis, para que n\u00e3o tenha de procurar informa\u00e7\u00f5es em v\u00e1rios s\u00edtios Web. Poder\u00e1 identificar o passe <strong>mais adequado \u00e0s suas necessidades de viagem<\/strong>. As informa\u00e7\u00f5es s\u00e3o actualizadas todas as semanas, o que facilita muito o planeamento da sua viagem.<\/p><\/div>\n\n\n\n<div class=\"wp-block-stackable-button-group stk-block-button-group stk-block stk-e85269c\" data-block-id=\"e85269c\"><div class=\"stk-row stk-inner-blocks stk-block-content stk-button-group\">\n<div class=\"wp-block-stackable-button stk-block-button stk-block stk-d6f3f62\" data-block-id=\"d6f3f62\"><style>.stk-d6f3f62{border-top-left-radius:5px !important;border-top-right-radius:5px !important;border-bottom-right-radius:5px !important;border-bottom-left-radius:5px !important;overflow:hidden !important;box-shadow:none !important;flex:1 1 0 !important}.stk-d6f3f62,.stk-d6f3f62 .stk-button{width:100% !important}.stk-d6f3f62 .stk-button{background:var(--accent) !important}.stk-d6f3f62 .stk-button:before{box-shadow:0 5px 30px -10px rgba(18,63,82,0.3) !important}.stk-d6f3f62 .stk-button__inner-text{font-size:16px !important}@media screen and (max-width:1023px){.stk-d6f3f62 .stk-button__inner-text{font-size:16px !important}}<\/style><a class=\"stk-link stk-button stk--hover-effect-darken\" href=\"https:\/\/rome.style\/pt-pt\/passe-turistico-de-roma\/\"><span class=\"stk-button__inner-text\">Guia de compara\u00e7\u00e3o de passes<\/span><\/a><\/div>\n<\/div><\/div>\n<\/div><\/div><\/div>\n<\/div><\/div><\/div>\n\n\n\n<div class=\"wp-block-stackable-column stk-block-column stk-column stk-block stk-62f245d\" data-v=\"4\" data-block-id=\"62f245d\"><style>.stk-62f245d{align-self:flex-end !important}<\/style><div class=\"stk-column-wrapper stk-block-column__content stk-container stk-62f245d-container stk--no-background stk--no-padding\"><div class=\"stk-block-content stk-inner-blocks stk-62f245d-inner-blocks\">\n<div class=\"wp-block-stackable-image aligncenter stk-block-image has-text-align-center stk-block stk-8b6b0fd\" data-block-id=\"8b6b0fd\"><style>.stk-8b6b0fd .stk-img-wrapper img,.stk-8b6b0fd .stk-img-wrapper::after,.stk-8b6b0fd .stk-img-wrapper::before{mask-image:url('data:image\/svg+xml;base64,PHN2ZyB4bWxucz0iaHR0cDovL3d3dy53My5vcmcvMjAwMC9zdmciIHZpZXdCb3g9IjAgMCA2MDAgNjAwIiBwcmVzZXJ2ZUFzcGVjdFJhdGlvPSJub25lIj48cGF0aCBkPSJNNDE0LjEgNzcuMmM3My4xIDQxLjcgMTM2IDg3LjkgMTY1IDE0Mi45IDI4LjcgNTUuMiAyMy4zIDExOS41IDEwLjIgMTkyLjktMTMuMSA3My4zLTMzLjkgMTU1LjgtMTA0LjEgMTc5LjItNzAuNCAyMy42LTE5MC4zLTExLjYtMjg3LTMzLjctOTYuNi0yMi4yLTE3MC0zMS4zLTE4Ni4xLTY2LjktMTYuMS0zNS43IDI1LTk4LjEgNDYuOC0xMzYuNCAyMS44LTM4LjEgMjQtNTIgLjctOTMtMjMtNDAuOS03MS45LTEwOC45LTU3LTE2My42QzE3LjYgNDMuNyA5Ni40IDIuMSAxNzcuMi4xIDI1OC0yIDM0MSAzNS41IDQxNC4xIDc3LjJ6Ij48L3BhdGg+PC9zdmc+') !important;-webkit-mask-image:url('data:image\/svg+xml;base64,PHN2ZyB4bWxucz0iaHR0cDovL3d3dy53My5vcmcvMjAwMC9zdmciIHZpZXdCb3g9IjAgMCA2MDAgNjAwIiBwcmVzZXJ2ZUFzcGVjdFJhdGlvPSJub25lIj48cGF0aCBkPSJNNDE0LjEgNzcuMmM3My4xIDQxLjcgMTM2IDg3LjkgMTY1IDE0Mi45IDI4LjcgNTUuMiAyMy4zIDExOS41IDEwLjIgMTkyLjktMTMuMSA3My4zLTMzLjkgMTU1LjgtMTA0LjEgMTc5LjItNzAuNCAyMy42LTE5MC4zLTExLjYtMjg3LTMzLjctOTYuNi0yMi4yLTE3MC0zMS4zLTE4Ni4xLTY2LjktMTYuMS0zNS43IDI1LTk4LjEgNDYuOC0xMzYuNCAyMS44LTM4LjEgMjQtNTIgLjctOTMtMjMtNDAuOS03MS45LTEwOC45LTU3LTE2My42QzE3LjYgNDMuNyA5Ni40IDIuMSAxNzcuMi4xIDI1OC0yIDM0MSAzNS41IDQxNC4xIDc3LjJ6Ij48L3BhdGg+PC9zdmc+') !important}.stk-8b6b0fd .stk-img-figcaption{text-align:center !important}<\/style><figure><span class=\"stk-img-wrapper stk-img--shape stk-image--shape-stretch\"><img decoding=\"async\" class=\"stk-img wp-image-546\" src=\"https:\/\/rome.style\/wp-content\/uploads\/visiter-rome-1.jpg\" width=\"800\" height=\"533\" alt=\"Visiter Rome\" srcset=\"https:\/\/rome.style\/wp-content\/uploads\/visiter-rome-1.jpg 800w, https:\/\/rome.style\/wp-content\/uploads\/visiter-rome-1-300x200.jpg 300w, https:\/\/rome.style\/wp-content\/uploads\/visiter-rome-1-768x512.jpg 768w\" sizes=\"(max-width: 800px) 100vw, 800px\" \/><\/span><\/figure><\/div>\n<\/div><\/div><\/div>\n<\/div><\/div>\n\n\n\n<div class=\"wp-block-stackable-text stk-block-text stk-block stk-3916762\" data-block-id=\"3916762\"><p class=\"stk-block-text__text\">Estas visitas s\u00e3o ideais para descobrir em profundidade a hist\u00f3ria e a cultura de Roma. Quer se trate de <strong>visitar o Vaticano<\/strong> ou de explorar os <strong>monumentos de Roma<\/strong>, uma <strong>visita guiada<\/strong> dar-lhe-\u00e1 informa\u00e7\u00f5es claras e interessantes com a ajuda de um guia profissional. Ao escolher um passe tur\u00edstico, beneficiar\u00e1 tamb\u00e9m de <strong>acesso ilimitado<\/strong> aos <strong>transportes p\u00fablicos<\/strong> da cidade. Poder\u00e1 deslocar-se facilmente de um <strong>monumento<\/strong> para outro, utilizando os <strong>autocarros tur\u00edsticos hop-on hop-off<\/strong> e os vaiv\u00e9ns especiais. Isto permite-lhe descobrir r\u00e1pida e facilmente as diferentes zonas da cidade, desde o <strong>centro hist\u00f3rico<\/strong> at\u00e9 \u00e0 <strong>Villa Borghese<\/strong> ou ao <strong>Monte Palatino<\/strong>.<\/p><\/div>\n\n\n\n<div class=\"wp-block-stackable-columns stk-block-columns stk-block stk-f3dbe1f\" data-block-id=\"f3dbe1f\"><div class=\"stk-row stk-inner-blocks stk-block-content stk-content-align stk-f3dbe1f-column\">\n<div class=\"wp-block-stackable-column stk-block-column stk-column stk-block stk-8cda181\" data-v=\"4\" data-block-id=\"8cda181\"><style>.stk-8cda181{align-self:center !important}<\/style><div class=\"stk-column-wrapper stk-block-column__content stk-container stk-8cda181-container stk--no-background stk--no-padding\"><div class=\"stk-block-content stk-inner-blocks stk-8cda181-inner-blocks\">\n<div class=\"wp-block-stackable-image stk-block-image stk-block stk-f56ec6d\" data-block-id=\"f56ec6d\"><style>.stk-f56ec6d{border-top-left-radius:15px !important;border-top-right-radius:15px !important;border-bottom-right-radius:15px !important;border-bottom-left-radius:15px !important;overflow:hidden !important}<\/style><figure><span class=\"stk-img-wrapper stk-image--shape-stretch\"><img decoding=\"async\" class=\"stk-img wp-image-553\" src=\"https:\/\/rome.style\/wp-content\/uploads\/forum-romain-rome.jpg\" width=\"800\" height=\"533\" alt=\"Forum Romain - Rome\" srcset=\"https:\/\/rome.style\/wp-content\/uploads\/forum-romain-rome.jpg 800w, https:\/\/rome.style\/wp-content\/uploads\/forum-romain-rome-300x200.jpg 300w, https:\/\/rome.style\/wp-content\/uploads\/forum-romain-rome-768x512.jpg 768w\" sizes=\"(max-width: 800px) 100vw, 800px\" \/><\/span><\/figure><\/div>\n<\/div><\/div><\/div>\n\n\n\n<div class=\"wp-block-stackable-column stk-block-column stk-column stk-block stk-d1c0d35\" data-v=\"4\" data-block-id=\"d1c0d35\"><div class=\"stk-column-wrapper stk-block-column__content stk-container stk-d1c0d35-container stk--no-background stk--no-padding\"><div class=\"stk-block-content stk-inner-blocks stk-d1c0d35-inner-blocks\">\n<div class=\"wp-block-stackable-text stk-block-text stk-block stk-deaef81\" data-block-id=\"deaef81\"><p class=\"stk-block-text__text\">Um passe tur\u00edstico tamb\u00e9m lhe d\u00e1 <strong>descontos atractivos<\/strong> em visitas e <strong>atrac\u00e7\u00f5es<\/strong>. Quer pretenda visitar o <strong>Museo Nazionale Romano<\/strong>, as <strong>Catacumbas<\/strong>, as <strong>antigas termas<\/strong> ou a <strong>Galleria Borghese<\/strong>, um passe tur\u00edstico permitir-lhe-\u00e1 beneficiar de tarifas reduzidas para a entrada nestes diferentes s\u00edtios. Isto permitir-lhe-\u00e1 descobrir lugares ainda mais interessantes e enriquecer a sua <strong>experi\u00eancia romana<\/strong>. Por fim, a escolha de um passe tur\u00edstico permitir-lhe-\u00e1 planear a sua visita e aproveitar ao m\u00e1ximo o seu tempo. Com um passe, pode escolher antecipadamente os s\u00edtios que quer visitar, reservar os hor\u00e1rios que lhe conv\u00eam e <strong>evitar horas de fila \u00e0 entrada<\/strong>. Desta forma, pode planear a sua estadia de acordo com os seus interesses e desfrutar de uma <strong>visita r\u00e1pida<\/strong> e eficaz \u00e0 cidade.<\/p><\/div>\n<\/div><\/div><\/div>\n<\/div><\/div>\n\n\n\n<div class=\"wp-block-stackable-text stk-block-text stk-block stk-4d3a702\" data-block-id=\"4d3a702\"><p class=\"stk-block-text__text\">Em suma, h\u00e1 muitas vantagens em <strong>visitar Roma<\/strong> e escolher um passe tur\u00edstico. Ele permitir-lhe-\u00e1 descobrir as <strong>principais atrac\u00e7\u00f5es<\/strong> da cidade de forma r\u00e1pida e f\u00e1cil, <strong>evitar filas inc\u00f3modas<\/strong>, beneficiar de <strong>acesso priorit\u00e1rio<\/strong>, <strong>visitas guiadas<\/strong>, <strong>descontos<\/strong> e <strong>acesso ilimitado<\/strong> aos <strong>transportes p\u00fablicos<\/strong>.<\/p><\/div>\n\n\n\n<div class=\"wp-block-stackable-image stk-block-image stk-block stk-687c11e\" data-block-id=\"687c11e\"><style>.stk-687c11e{border-top-left-radius:15px !important;border-top-right-radius:15px !important;border-bottom-right-radius:15px !important;border-bottom-left-radius:15px !important;overflow:hidden !important}<\/style><figure><span class=\"stk-img-wrapper stk-image--shape-stretch\"><img decoding=\"async\" class=\"stk-img wp-image-562\" src=\"https:\/\/rome.style\/wp-content\/uploads\/basilique-saint-pierre-rome.jpg\" width=\"800\" height=\"309\" alt=\"Basilique Saint Pierre de Rome avec pont\" srcset=\"https:\/\/rome.style\/wp-content\/uploads\/basilique-saint-pierre-rome.jpg 800w, https:\/\/rome.style\/wp-content\/uploads\/basilique-saint-pierre-rome-300x116.jpg 300w, https:\/\/rome.style\/wp-content\/uploads\/basilique-saint-pierre-rome-768x297.jpg 768w\" sizes=\"(max-width: 800px) 100vw, 800px\" \/><\/span><\/figure><\/div>\n\n\n\n<div class=\"wp-block-stackable-text stk-block-text stk-block stk-3e4f5b4\" data-block-id=\"3e4f5b4\"><p class=\"stk-block-text__text\">Roma, a <strong>capital de It\u00e1lia<\/strong> e a <strong>cidade eterna<\/strong>, est\u00e1 repleta de monumentos e <strong>atrac\u00e7\u00f5es<\/strong> para visitar. A n\u00e3o perder s\u00e3o o <strong>Vaticano<\/strong>, a <strong>Bas\u00edlica de S\u00e3o Pedro<\/strong> e a <strong>Capela Sistina<\/strong>. Os <strong>Museus do Vaticano<\/strong> albergam uma cole\u00e7\u00e3o de tesouros art\u00edsticos e hist\u00f3ricos, incluindo os famosos <strong>frescos de Miguel \u00c2ngelo<\/strong>. Para evitar filas de espera, \u00e9 aconselh\u00e1vel reservar uma <strong>visita guiada<\/strong> ou um <strong>bilhete sem filas<\/strong>.<\/p><\/div>\n\n\n\n<div class=\"wp-block-stackable-text stk-block-text stk-block stk-176b436\" data-block-id=\"176b436\"><p class=\"stk-block-text__text\">O <strong>Coliseu<\/strong>, o s\u00edmbolo da <strong>Roma antiga<\/strong>, \u00e9 outro s\u00edtio a n\u00e3o perder. Tamb\u00e9m pode visitar o <strong>Palatino<\/strong>, onde se encontram os restos dos <strong>pal\u00e1cios imperiais romanos<\/strong>. O vizinho <strong>F\u00f3rum Romano<\/strong> \u00e9 um \u00f3timo local para explorar as <strong>ru\u00ednas de edif\u00edcios antigos<\/strong> e mergulhar na hist\u00f3ria da cidade. H\u00e1 muitos outros monumentos e s\u00edtios para visitar no <strong>centro hist\u00f3rico de Roma<\/strong>. O <strong>Pante\u00e3o<\/strong>, com a sua impressionante arquitetura, \u00e9 uma visita obrigat\u00f3ria.<\/p><\/div>\n\n\n\n<div class=\"wp-block-stackable-columns stk-block-columns stk-block stk-3f3b9f7\" data-block-id=\"3f3b9f7\"><div class=\"stk-row stk-inner-blocks stk-block-content stk-content-align stk-3f3b9f7-column\">\n<div class=\"wp-block-stackable-column stk-block-column stk-column stk-block stk-56195f8\" data-v=\"4\" data-block-id=\"56195f8\"><div class=\"stk-column-wrapper stk-block-column__content stk-container stk-56195f8-container stk--no-background stk--no-padding\"><div class=\"stk-block-content stk-inner-blocks stk-56195f8-inner-blocks\">\n<div class=\"wp-block-stackable-image stk-block-image stk-block stk-6ae2f56\" data-block-id=\"6ae2f56\"><style>.stk-6ae2f56 .stk-img-wrapper img,.stk-6ae2f56 .stk-img-wrapper::after,.stk-6ae2f56 .stk-img-wrapper::before{mask-image:url('data:image\/svg+xml;base64,PHN2ZyB4bWxucz0iaHR0cDovL3d3dy53My5vcmcvMjAwMC9zdmciIHZpZXdCb3g9IjAgMCA2MDAgNjAwIiBwcmVzZXJ2ZUFzcGVjdFJhdGlvPSJub25lIj48cGF0aCBkPSJNNTU1IDY5LjZjNTcuNiA3MC40IDU2LjIgMjA4LjMgMTYuOSAyOTkuOC0zOS4zIDkxLjYtMTE2LjIgMTM2LjgtMTczLjggMTY3LjItNTcuNCAzMC42LTk1LjYgNDYuMy0xNDIuMiA1Ni4yLTQ2LjUgOS45LTEwMS4zIDE0LTEzNS42LTE2LjYtMzQuMi0zMC42LTQ3LjgtOTUuMy03NC41LTE5MkMxOC45IDI4Ny42LTIxIDE1OS4xIDEzLjIgODkgNDcuNCAxOC42IDE1NS45IDYuMyAyNjguMyAxLjZjMTEyLjUtNSAyMjktMi40IDI4Ni43IDY4eiI+PC9wYXRoPjwvc3ZnPg==') !important;-webkit-mask-image:url('data:image\/svg+xml;base64,PHN2ZyB4bWxucz0iaHR0cDovL3d3dy53My5vcmcvMjAwMC9zdmciIHZpZXdCb3g9IjAgMCA2MDAgNjAwIiBwcmVzZXJ2ZUFzcGVjdFJhdGlvPSJub25lIj48cGF0aCBkPSJNNTU1IDY5LjZjNTcuNiA3MC40IDU2LjIgMjA4LjMgMTYuOSAyOTkuOC0zOS4zIDkxLjYtMTE2LjIgMTM2LjgtMTczLjggMTY3LjItNTcuNCAzMC42LTk1LjYgNDYuMy0xNDIuMiA1Ni4yLTQ2LjUgOS45LTEwMS4zIDE0LTEzNS42LTE2LjYtMzQuMi0zMC42LTQ3LjgtOTUuMy03NC41LTE5MkMxOC45IDI4Ny42LTIxIDE1OS4xIDEzLjIgODkgNDcuNCAxOC42IDE1NS45IDYuMyAyNjguMyAxLjZjMTEyLjUtNSAyMjktMi40IDI4Ni43IDY4eiI+PC9wYXRoPjwvc3ZnPg==') !important}<\/style><figure><span class=\"stk-img-wrapper stk-img--shape stk-image--shape-stretch\"><img decoding=\"async\" class=\"stk-img wp-image-571\" src=\"https:\/\/rome.style\/wp-content\/uploads\/fontaine-trevi-rome.jpg\" width=\"800\" height=\"533\" alt=\"Fontaine de Tr\u00e9vi de Rome\" srcset=\"https:\/\/rome.style\/wp-content\/uploads\/fontaine-trevi-rome.jpg 800w, https:\/\/rome.style\/wp-content\/uploads\/fontaine-trevi-rome-300x200.jpg 300w, https:\/\/rome.style\/wp-content\/uploads\/fontaine-trevi-rome-768x512.jpg 768w\" sizes=\"(max-width: 800px) 100vw, 800px\" \/><\/span><\/figure><\/div>\n<\/div><\/div><\/div>\n\n\n\n<div class=\"wp-block-stackable-column stk-block-column stk-column stk-block stk-a6ee9be\" data-v=\"4\" data-block-id=\"a6ee9be\"><div class=\"stk-column-wrapper stk-block-column__content stk-container stk-a6ee9be-container stk--no-background stk--no-padding\"><div class=\"stk-block-content stk-inner-blocks stk-a6ee9be-inner-blocks\">\n<div class=\"wp-block-stackable-text stk-block-text stk-block stk-199c9f1\" data-block-id=\"199c9f1\"><p class=\"stk-block-text__text\">A <strong>Fonte de Trevi<\/strong>, famosa pelas suas lendas e <em>pelas moedas atiradas para a fonte<\/em>, \u00e9 tamb\u00e9m um local de visita obrigat\u00f3ria. A <strong>Piazza Navona<\/strong>, com as suas <strong>fontes<\/strong> e <strong>esculturas<\/strong>, \u00e9 um local agrad\u00e1vel para passear e desfrutar da atmosfera da cidade. A <strong>Villa Borghese<\/strong> \u00e9 um magn\u00edfico parque que alberga a <strong>Galleria Borghese<\/strong>, onde se podem admirar <strong>esculturas<\/strong> e obras de arte do <strong>Renascimento<\/strong>. <strong>Para visitar a Bas\u00edlica de S\u00e3o Pedro<\/strong> e o <strong>Vaticano<\/strong>, recomendamos a utiliza\u00e7\u00e3o do <strong>roma pass<\/strong> ou do <strong>omnia Vatican<\/strong>, que d\u00e3o acesso r\u00e1pido aos locais e <strong>descontos<\/strong> nos <strong>transportes p\u00fablicos<\/strong>. As <strong>catacumbas<\/strong>, fora da cidade, oferecem um fascinante passeio pelos <strong>antigos t\u00famulos romanos<\/strong>.<\/p><\/div>\n<\/div><\/div><\/div>\n<\/div><\/div>\n\n\n\n<div class=\"wp-block-stackable-text stk-block-text stk-block stk-1eb974e\" data-block-id=\"1eb974e\"><p class=\"stk-block-text__text\">As <strong>igrejas de Roma<\/strong>, com os seus <strong>magn\u00edficos frescos<\/strong> e <strong>esculturas<\/strong>, tamb\u00e9m merecem uma visita. Outras <strong>atrac\u00e7\u00f5es<\/strong> populares incluem o <strong>Castel Sant&#8217;Angelo<\/strong>, o <strong>Capit\u00f3lio<\/strong> e a <strong>Piazza Venezia<\/strong>. Para tirar o m\u00e1ximo partido da sua visita a Roma, recomendamos que planeie as suas visitas com anteced\u00eancia, tendo em conta os <strong>dias de maior aflu\u00eancia<\/strong>. \u00c9 poss\u00edvel fazer v\u00e1rias <strong>visitas por dia<\/strong>, utilizando os <strong>autocarros tur\u00edsticos Hop-on Hop-off<\/strong> para se deslocar rapidamente de um local para outro. Em suma, Roma oferece uma grande variedade de <strong>atrac\u00e7\u00f5es hist\u00f3ricas<\/strong>, <strong>arquitect\u00f3nicas<\/strong> e art\u00edsticas para explorar.<\/p><\/div>\n\n\n\n<div class=\"wp-block-stackable-image stk-block-image stk-block stk-2464ab6\" data-block-id=\"2464ab6\"><style>.stk-2464ab6{border-top-left-radius:15px !important;border-top-right-radius:15px !important;border-bottom-right-radius:15px !important;border-bottom-left-radius:15px !important;overflow:hidden !important}<\/style><figure><span class=\"stk-img-wrapper stk-image--shape-stretch\"><img decoding=\"async\" class=\"stk-img wp-image-579\" src=\"https:\/\/rome.style\/wp-content\/uploads\/colisee-rome.jpg\" width=\"1200\" height=\"463\" alt=\"Colis\u00e9e Rome\" srcset=\"https:\/\/rome.style\/wp-content\/uploads\/colisee-rome.jpg 1200w, https:\/\/rome.style\/wp-content\/uploads\/colisee-rome-300x116.jpg 300w, https:\/\/rome.style\/wp-content\/uploads\/colisee-rome-768x296.jpg 768w\" sizes=\"(max-width: 1200px) 100vw, 1200px\" \/><\/span><\/figure><\/div>\n\n\n\n<div class=\"wp-block-stackable-text stk-block-text stk-block stk-efdee2c\" data-block-id=\"efdee2c\"><p class=\"stk-block-text__text\">Desde o <strong>Vaticano<\/strong> e os seus <strong>museus<\/strong> at\u00e9 \u00e0 <strong>Roma antiga<\/strong>, passando pelas magn\u00edficas pra\u00e7as, <strong>fontes<\/strong> e <strong>igrejas<\/strong> da cidade, h\u00e1 algo para todos. \u00c9 uma boa ideia levar consigo um <strong>mapa de Roma<\/strong> para se orientar facilmente e reservar tempo suficiente <strong>para visitar<\/strong> os <strong>v\u00e1rios monumentos<\/strong> e <strong>bairros de Roma. Quer se interesse por hist\u00f3ria, arte ou simplesmente pela beleza desta cidade eterna<\/strong>, Roma ir\u00e1 certamente seduzi-lo.<\/p><\/div>\n","protected":false},"excerpt":{"rendered":"<p>Visitar Roma: conselhos para uma estadia bem sucedida em Roma Angel Roma, a cidade eterna, est\u00e1 repleta de monumentos, museus e s\u00edtios hist\u00f3ricos de cortar a respira\u00e7\u00e3o. Se est\u00e1 a planear visitar esta capital italiana, recomendamos vivamente que escolha um passe tur\u00edstico para facilitar a sua desloca\u00e7\u00e3o e maximizar as suas visitas. Um passe tur\u00edstico &#8230; <a title=\"Hp Po\" class=\"read-more\" href=\"https:\/\/rome.style\/pt-pt\/\" aria-label=\"Leia mais sobre Hp Po\">Ler mais<\/a><\/p>\n","protected":false},"author":1,"featured_media":0,"parent":0,"menu_order":0,"comment_status":"closed","ping_status":"closed","template":"","meta":{"_seopress_robots_primary_cat":"","_seopress_titles_title":"Visitar Roma: Guia de viagem e conselhos de Rome.Style","_seopress_titles_desc":"O melhor do que fazer em Roma, selecionado por Angel, o seu especialista em Roma.  Rome.Style","_seopress_robots_index":"","footnotes":""},"class_list":["post-644","page","type-page","status-publish"],"_links":{"self":[{"href":"https:\/\/rome.style\/pt-pt\/wp-json\/wp\/v2\/pages\/644","targetHints":{"allow":["GET"]}}],"collection":[{"href":"https:\/\/rome.style\/pt-pt\/wp-json\/wp\/v2\/pages"}],"about":[{"href":"https:\/\/rome.style\/pt-pt\/wp-json\/wp\/v2\/types\/page"}],"author":[{"embeddable":true,"href":"https:\/\/rome.style\/pt-pt\/wp-json\/wp\/v2\/users\/1"}],"replies":[{"embeddable":true,"href":"https:\/\/rome.style\/pt-pt\/wp-json\/wp\/v2\/comments?post=644"}],"version-history":[{"count":0,"href":"https:\/\/rome.style\/pt-pt\/wp-json\/wp\/v2\/pages\/644\/revisions"}],"wp:attachment":[{"href":"https:\/\/rome.style\/pt-pt\/wp-json\/wp\/v2\/media?parent=644"}],"curies":[{"name":"wp","href":"https:\/\/api.w.org\/{rel}","templated":true}]}}